{"id":2211,"date":"2017-09-29T10:11:51","date_gmt":"2017-09-29T10:11:51","guid":{"rendered":"https:\/\/elementor3.thembay.com\/puca\/?post_type=product&#038;p=2211"},"modified":"2024-12-07T16:04:49","modified_gmt":"2024-12-07T16:04:49","slug":"quan-jean-lung-nam","status":"publish","type":"product","link":"https:\/\/8273.matbao.website\/index.php\/product\/quan-jean-lung-nam\/","title":{"rendered":"Qu\u1ea7n jean l\u1eedng nam"},"content":{"rendered":"<h3><strong>Ch\u1ea5t li\u1ec7u b\u1ec1n b\u1ec9, tho\u1ea3i m\u00e1i<\/strong><\/h3>\n<p>Qu\u1ea7n jean l\u1eedng nam th\u01b0\u1eddng \u0111\u01b0\u1ee3c l\u00e0m t\u1eeb ch\u1ea5t li\u1ec7u denim cao c\u1ea5p, gi\u00fap chi\u1ebfc qu\u1ea7n c\u00f3 \u0111\u1ed9 b\u1ec1n cao v\u00e0 kh\u1ea3 n\u0103ng ch\u1ecbu \u0111\u01b0\u1ee3c t\u00e1c \u0111\u1ed9ng m\u1ea1nh m\u1ebd trong su\u1ed1t qu\u00e1 tr\u00ecnh s\u1eed d\u1ee5ng. Ch\u1ea5t li\u1ec7u jean kh\u00f4ng ch\u1ec9 b\u1ec1n m\u00e0 c\u00f2n m\u1ec1m m\u1ea1i, tho\u1ea3i m\u00e1i, gi\u00fap b\u1ea1n di chuy\u1ec3n d\u1ec5 d\u00e0ng m\u00e0 kh\u00f4ng b\u1ecb c\u1ea3n tr\u1edf. Qu\u1ea7n jean l\u1eedng c\u00f3 kh\u1ea3 n\u0103ng th\u1ea5m h\u00fat m\u1ed3 h\u00f4i t\u1ed1t, gi\u1eef cho c\u01a1 th\u1ec3 lu\u00f4n kh\u00f4 r\u00e1o v\u00e0 tho\u1ea3i m\u00e1i trong nh\u1eefng ng\u00e0y h\u00e8 n\u00f3ng b\u1ee9c.<\/p>\n<h3><strong>Thi\u1ebft k\u1ebf hi\u1ec7n \u0111\u1ea1i, d\u1ec5 ph\u1ed1i \u0111\u1ed3<\/strong><\/h3>\n<p>Qu\u1ea7n jean l\u1eedng nam c\u00f3 thi\u1ebft k\u1ebf \u0111\u01a1n gi\u1ea3n nh\u01b0ng r\u1ea5t th\u1eddi trang, gi\u00fap b\u1ea1n d\u1ec5 d\u00e0ng k\u1ebft h\u1ee3p v\u1edbi nhi\u1ec1u lo\u1ea1i trang ph\u1ee5c kh\u00e1c nhau. B\u1ea1n c\u00f3 th\u1ec3 mix chi\u1ebfc qu\u1ea7n n\u00e0y v\u1edbi \u00e1o thun, \u00e1o s\u01a1 mi, \u00e1o kho\u00e1c denim ho\u1eb7c hoodie \u0111\u1ec3 t\u1ea1o ra phong c\u00e1ch n\u0103ng \u0111\u1ed9ng, tr\u1ebb trung. V\u1edbi thi\u1ebft k\u1ebf \u1ed1ng l\u1eedng, chi\u1ebfc qu\u1ea7n gi\u00fap khoe \u0111\u00f4i gi\u00e0y th\u1ec3 thao hay d\u00e9p x\u1ecf ng\u00f3n m\u1ed9t c\u00e1ch tinh t\u1ebf, t\u1ea1o \u0111i\u1ec3m nh\u1ea5n cho b\u1ed9 trang ph\u1ee5c c\u1ee7a b\u1ea1n.<\/p>\n<p>Qu\u1ea7n jean l\u1eedng c\u0169ng c\u00f3 th\u1ec3 d\u1ec5 d\u00e0ng ph\u1ed1i h\u1ee3p v\u1edbi c\u00e1c ph\u1ee5 ki\u1ec7n nh\u01b0 \u0111\u1ed3ng h\u1ed3, m\u0169 l\u01b0\u1ee1i trai hay k\u00ednh m\u1eaft, mang \u0111\u1ebfn v\u1ebb ngo\u00e0i c\u00e1 t\u00ednh v\u00e0 phong c\u00e1ch. \u0110i\u1ec1u n\u00e0y gi\u00fap b\u1ea1n t\u1ef1 tin h\u01a1n trong c\u00e1c bu\u1ed5i g\u1eb7p m\u1eb7t b\u1ea1n b\u00e8, \u0111i ch\u01a1i hay c\u00e1c ho\u1ea1t \u0111\u1ed9ng ngo\u00e0i tr\u1eddi.<\/p>\n<h3><strong>Ph\u00f9 h\u1ee3p v\u1edbi nhi\u1ec1u ho\u1ea1t \u0111\u1ed9ng v\u00e0 ho\u00e0n c\u1ea3nh<\/strong><\/h3>\n<p>Qu\u1ea7n jean l\u1eedng nam kh\u00f4ng ch\u1ec9 th\u00edch h\u1ee3p cho c\u00e1c ho\u1ea1t \u0111\u1ed9ng h\u00e0ng ng\u00e0y m\u00e0 c\u00f2n r\u1ea5t l\u00fd t\u01b0\u1edfng cho c\u00e1c chuy\u1ebfn \u0111i du l\u1ecbch, d\u00e3 ngo\u1ea1i hay nh\u1eefng ng\u00e0y ngh\u1ec9 cu\u1ed1i tu\u1ea7n. V\u1edbi thi\u1ebft k\u1ebf tho\u1ea3i m\u00e1i v\u00e0 t\u00ednh linh ho\u1ea1t cao, chi\u1ebfc qu\u1ea7n n\u00e0y s\u1ebd gi\u00fap b\u1ea1n t\u1ef1 do v\u1eadn \u0111\u1ed9ng, d\u1ec5 d\u00e0ng di chuy\u1ec3n m\u00e0 kh\u00f4ng g\u1eb7p tr\u1edf ng\u1ea1i. D\u00f9 b\u1ea1n tham gia c\u00e1c ho\u1ea1t \u0111\u1ed9ng th\u1ec3 thao nh\u1eb9 nh\u00e0ng, \u0111i d\u1ea1o ph\u1ed1 hay \u0111i c\u00e0 ph\u00ea v\u1edbi b\u1ea1n b\u00e8, qu\u1ea7n jean l\u1eedng lu\u00f4n l\u00e0 l\u1ef1a ch\u1ecdn ph\u00f9 h\u1ee3p.<\/p>\n<h3><strong>Gi\u00e1 c\u1ea3 h\u1ee3p l\u00fd, d\u1ec5 d\u00e0ng ti\u1ebfp c\u1eadn<\/strong><\/h3>\n<p>Qu\u1ea7n jean l\u1eedng nam c\u00f3 m\u1ee9c gi\u00e1 \u0111a d\u1ea1ng, t\u1eeb b\u00ecnh d\u00e2n \u0111\u1ebfn cao c\u1ea5p, gi\u00fap b\u1ea1n d\u1ec5 d\u00e0ng l\u1ef1a ch\u1ecdn s\u1ea3n ph\u1ea9m ph\u00f9 h\u1ee3p v\u1edbi nhu c\u1ea7u v\u00e0 ng\u00e2n s\u00e1ch c\u1ee7a m\u00ecnh. V\u1edbi m\u1ee9c gi\u00e1 h\u1ee3p l\u00fd, chi\u1ebfc qu\u1ea7n n\u00e0y mang l\u1ea1i gi\u00e1 tr\u1ecb v\u01b0\u1ee3t tr\u1ed9i, ph\u00f9 h\u1ee3p cho c\u00e1c ch\u00e0ng trai mu\u1ed1n s\u1edf h\u1eefu m\u00f3n \u0111\u1ed3 th\u1eddi trang ch\u1ea5t l\u01b0\u1ee3ng m\u00e0 kh\u00f4ng ph\u1ea3i b\u1ecf ra qu\u00e1 nhi\u1ec1u chi ph\u00ed.<\/p>\n","protected":false},"excerpt":{"rendered":"<p>Qu\u1ea7n jean l\u1eedng nam l\u00e0 m\u00f3n \u0111\u1ed3 th\u1eddi trang kh\u00f4ng th\u1ec3 thi\u1ebfu trong t\u1ee7 \u0111\u1ed3 c\u1ee7a c\u00e1c ch\u00e0ng trai y\u00eau th\u00edch s\u1ef1 n\u0103ng \u0111\u1ed9ng, tr\u1ebb trung nh\u01b0ng v\u1eabn gi\u1eef \u0111\u01b0\u1ee3c phong c\u00e1ch c\u00e1 t\u00ednh, hi\u1ec7n \u0111\u1ea1i. V\u1edbi thi\u1ebft k\u1ebf \u1ed1ng l\u1eedng, chi\u1ebfc qu\u1ea7n n\u00e0y gi\u00fap b\u1ea1n d\u1ec5 d\u00e0ng ph\u1ed1i h\u1ee3p v\u1edbi nhi\u1ec1u trang ph\u1ee5c kh\u00e1c nhau, ph\u00f9 h\u1ee3p cho nh\u1eefng d\u1ecbp d\u1ea1o ph\u1ed1, \u0111i ch\u01a1i hay tham gia c\u00e1c ho\u1ea1t \u0111\u1ed9ng ngo\u00e0i tr\u1eddi.<\/p>\n","protected":false},"featured_media":2176,"comment_status":"open","ping_status":"closed","template":"","meta":[],"product_cat":[49,43,34],"product_tag":[44,51,35],"class_list":{"0":"post-2211","1":"product","2":"type-product","3":"status-publish","4":"has-post-thumbnail","6":"product_cat-mat-kinh","7":"product_cat-nam","8":"product_cat-quan-ao","9":"product_tag-nam","10":"product_tag-nu","11":"product_tag-quan-ao","12":"yith_product_brand-big-c","15":"instock","16":"shipping-taxable","17":"purchasable","18":"product-type-simple"},"_links":{"self":[{"href":"https:\/\/8273.matbao.website\/index.php\/wp-json\/wp\/v2\/product\/2211"}],"collection":[{"href":"https:\/\/8273.matbao.website\/index.php\/wp-json\/wp\/v2\/product"}],"about":[{"href":"https:\/\/8273.matbao.website\/index.php\/wp-json\/wp\/v2\/types\/product"}],"replies":[{"embeddable":true,"href":"https:\/\/8273.matbao.website\/index.php\/wp-json\/wp\/v2\/comments?post=2211"}],"wp:featuredmedia":[{"embeddable":true,"href":"https:\/\/8273.matbao.website\/index.php\/wp-json\/wp\/v2\/media\/2176"}],"wp:attachment":[{"href":"https:\/\/8273.matbao.website\/index.php\/wp-json\/wp\/v2\/media?parent=2211"}],"wp:term":[{"taxonomy":"product_cat","embeddable":true,"href":"https:\/\/8273.matbao.website\/index.php\/wp-json\/wp\/v2\/product_cat?post=2211"},{"taxonomy":"product_tag","embeddable":true,"href":"https:\/\/8273.matbao.website\/index.php\/wp-json\/wp\/v2\/product_tag?post=2211"}],"curies":[{"name":"wp","href":"https:\/\/api.w.org\/{rel}","templated":true}]}}