{"id":2261,"date":"2017-09-29T15:21:08","date_gmt":"2017-09-29T15:21:08","guid":{"rendered":"https:\/\/elementor3.thembay.com\/puca\/?post_type=product&#038;p=2261"},"modified":"2024-12-07T15:56:30","modified_gmt":"2024-12-07T15:56:30","slug":"mu-luoi-trai-da-ngoai","status":"publish","type":"product","link":"https:\/\/8273.matbao.website\/index.php\/product\/mu-luoi-trai-da-ngoai\/","title":{"rendered":"M\u0169 l\u01b0\u1ee1i trai d\u00e3 ngo\u1ea1i"},"content":{"rendered":"<h3><strong>B\u1ea3o v\u1ec7 hi\u1ec7u qu\u1ea3 d\u01b0\u1edbi \u00e1nh n\u1eafng m\u1eb7t tr\u1eddi<\/strong><\/h3>\n<p>M\u0169 l\u01b0\u1ee1i trai d\u00e3 ngo\u1ea1i \u0111\u01b0\u1ee3c thi\u1ebft k\u1ebf v\u1edbi ph\u1ea7n l\u01b0\u1ee1i trai r\u1ed9ng, gi\u00fap b\u1ea3o v\u1ec7 khu\u00f4n m\u1eb7t v\u00e0 c\u1ed5 kh\u1ecfi t\u00e1c \u0111\u1ed9ng c\u1ee7a tia UV c\u00f3 h\u1ea1i t\u1eeb \u00e1nh n\u1eafng m\u1eb7t tr\u1eddi. \u0110i\u1ec1u n\u00e0y r\u1ea5t quan tr\u1ecdng khi b\u1ea1n tham gia c\u00e1c ho\u1ea1t \u0111\u1ed9ng ngo\u00e0i tr\u1eddi trong th\u1eddi gian d\u00e0i, b\u1edfi vi\u1ec7c ti\u1ebfp x\u00fac v\u1edbi \u00e1nh n\u1eafng c\u00f3 th\u1ec3 d\u1eabn \u0111\u1ebfn b\u1ecfng da ho\u1eb7c c\u00e1c b\u1ec7nh v\u1ec1 da nh\u01b0 ung th\u01b0 da. V\u1edbi chi\u1ebfc m\u0169 n\u00e0y, b\u1ea1n s\u1ebd c\u1ea3m th\u1ea5y y\u00ean t\u00e2m h\u01a1n khi tham gia c\u00e1c chuy\u1ebfn \u0111i d\u00e3 ngo\u1ea1i, \u0111\u1ea3m b\u1ea3o s\u1ef1 tho\u1ea3i m\u00e1i v\u00e0 an to\u00e0n cho s\u1ee9c kh\u1ecfe.<\/p>\n<h3><strong>Ch\u1ea5t li\u1ec7u b\u1ec1n b\u1ec9, tho\u00e1ng kh\u00ed<\/strong><\/h3>\n<p>M\u0169 l\u01b0\u1ee1i trai d\u00e3 ngo\u1ea1i th\u01b0\u1eddng \u0111\u01b0\u1ee3c l\u00e0m t\u1eeb c\u00e1c ch\u1ea5t li\u1ec7u nh\u1eb9, tho\u00e1ng kh\u00ed v\u00e0 b\u1ec1n b\u1ec9 nh\u01b0 v\u1ea3i cotton, polyester ho\u1eb7c c\u00e1c lo\u1ea1i v\u1ea3i \u0111\u1eb7c bi\u1ec7t c\u00f3 kh\u1ea3 n\u0103ng tho\u00e1t \u1ea9m. Ch\u1ea5t li\u1ec7u n\u00e0y gi\u00fap gi\u1eef cho \u0111\u1ea7u b\u1ea1n lu\u00f4n kh\u00f4 r\u00e1o, tho\u1ea3i m\u00e1i, \u0111\u1eb7c bi\u1ec7t khi tham gia c\u00e1c ho\u1ea1t \u0111\u1ed9ng th\u1ec3 thao hay \u0111i b\u1ed9 \u0111\u01b0\u1eddng d\u00e0i. B\u00ean c\u1ea1nh \u0111\u00f3, c\u00e1c ch\u1ea5t li\u1ec7u n\u00e0y c\u0169ng gi\u00fap m\u0169 d\u1ec5 d\u00e0ng v\u1ec7 sinh v\u00e0 nhanh kh\u00f4, r\u1ea5t ti\u1ec7n l\u1ee3i khi b\u1ea1n s\u1eed d\u1ee5ng m\u0169 trong nh\u1eefng chuy\u1ebfn \u0111i xa.<\/p>\n<h3><strong>Thi\u1ebft k\u1ebf linh ho\u1ea1t v\u00e0 tho\u1ea3i m\u00e1i<\/strong><\/h3>\n<p>M\u0169 l\u01b0\u1ee1i trai d\u00e3 ngo\u1ea1i c\u00f3 thi\u1ebft k\u1ebf \u00f4m s\u00e1t \u0111\u1ea7u v\u00e0 c\u00f3 th\u1ec3 \u0111i\u1ec1u ch\u1ec9nh k\u00edch c\u1ee1 d\u1ec5 d\u00e0ng \u0111\u1ec3 ph\u00f9 h\u1ee3p v\u1edbi ng\u01b0\u1eddi s\u1eed d\u1ee5ng. Ph\u1ea7n \u0111ai l\u01b0ng c\u00f3 th\u1ec3 \u0111i\u1ec1u ch\u1ec9nh, gi\u00fap b\u1ea1n thay \u0111\u1ed5i \u0111\u1ed9 r\u1ed9ng sao cho v\u1eeba v\u1eb7n v\u00e0 tho\u1ea3i m\u00e1i. G\u1ecdng m\u0169 ch\u1eafc ch\u1eafn v\u00e0 kh\u00f4ng d\u1ec5 bi\u1ebfn d\u1ea1ng, gi\u00fap m\u0169 lu\u00f4n gi\u1eef \u0111\u01b0\u1ee3c form \u0111\u1eb9p trong su\u1ed1t th\u1eddi gian s\u1eed d\u1ee5ng. Thi\u1ebft k\u1ebf n\u00e0y c\u0169ng \u0111\u1ea3m b\u1ea3o r\u1eb1ng m\u0169 kh\u00f4ng b\u1ecb tr\u01b0\u1ee3t xu\u1ed1ng khi b\u1ea1n di chuy\u1ec3n ho\u1eb7c v\u1eadn \u0111\u1ed9ng m\u1ea1nh.<\/p>\n<h3><strong>Phong c\u00e1ch th\u1ec3 thao, n\u0103ng \u0111\u1ed9ng<\/strong><\/h3>\n<p>M\u0169 l\u01b0\u1ee1i trai d\u00e3 ngo\u1ea1i kh\u00f4ng ch\u1ec9 l\u00e0 m\u1ed9t m\u00f3n ph\u1ee5 ki\u1ec7n b\u1ea3o v\u1ec7 m\u00e0 c\u00f2n gi\u00fap b\u1ea1n th\u1ec3 hi\u1ec7n phong c\u00e1ch th\u1eddi trang n\u0103ng \u0111\u1ed9ng v\u00e0 tr\u1ebb trung. M\u0169 c\u00f3 nhi\u1ec1u m\u00e0u s\u1eafc v\u00e0 ki\u1ec3u d\u00e1ng \u0111a d\u1ea1ng, t\u1eeb nh\u1eefng m\u00e0u s\u1eafc trung t\u00ednh nh\u01b0 \u0111en, x\u00e1m, n\u00e2u cho \u0111\u1ebfn nh\u1eefng m\u00e0u s\u1eafc n\u1ed5i b\u1eadt nh\u01b0 cam, xanh l\u00e1, gi\u00fap b\u1ea1n d\u1ec5 d\u00e0ng l\u1ef1a ch\u1ecdn ph\u00f9 h\u1ee3p v\u1edbi trang ph\u1ee5c v\u00e0 c\u00e1 t\u00ednh c\u1ee7a m\u00ecnh. B\u1ea1n c\u00f3 th\u1ec3 k\u1ebft h\u1ee3p m\u0169 v\u1edbi c\u00e1c b\u1ed9 \u0111\u1ed3 th\u1ec3 thao, qu\u1ea7n \u00e1o d\u00e3 ngo\u1ea1i hay th\u1eadm ch\u00ed l\u00e0 trang ph\u1ee5c d\u1ea1o ph\u1ed1.<\/p>\n","protected":false},"excerpt":{"rendered":"<p>M\u0169 l\u01b0\u1ee1i trai d\u00e3 ngo\u1ea1i l\u00e0 m\u1ed9t ph\u1ee5 ki\u1ec7n thi\u1ebft y\u1ebfu cho nh\u1eefng ai y\u00eau th\u00edch c\u00e1c ho\u1ea1t \u0111\u1ed9ng ngo\u00e0i tr\u1eddi nh\u01b0 c\u1eafm tr\u1ea1i, leo n\u00fai, \u0111i b\u1ed9 \u0111\u01b0\u1eddng d\u00e0i hay du l\u1ecbch. V\u1edbi thi\u1ebft k\u1ebf \u0111\u1eb7c bi\u1ec7t v\u00e0 t\u00ednh n\u0103ng b\u1ea3o v\u1ec7 tuy\u1ec7t v\u1eddi, chi\u1ebfc m\u0169 n\u00e0y kh\u00f4ng ch\u1ec9 gi\u00fap b\u1ea1n tr\u00e1nh n\u1eafng m\u00e0 c\u00f2n l\u00e0 m\u00f3n \u0111\u1ed3 th\u1eddi trang, ti\u1ec7n d\u1ee5ng trong m\u1ed7i chuy\u1ebfn d\u00e3 ngo\u1ea1i.<\/p>\n","protected":false},"featured_media":2237,"comment_status":"open","ping_status":"closed","template":"","meta":[],"product_cat":[50,28],"product_tag":[37,44,29],"class_list":{"0":"post-2261","1":"product","2":"type-product","3":"status-publish","4":"has-post-thumbnail","6":"product_cat-nu","7":"product_cat-phu-kien","8":"product_tag-giay","9":"product_tag-nam","10":"product_tag-tui-xach","11":"yith_product_brand-big-c","14":"instock","15":"shipping-taxable","16":"purchasable","17":"product-type-simple"},"_links":{"self":[{"href":"https:\/\/8273.matbao.website\/index.php\/wp-json\/wp\/v2\/product\/2261"}],"collection":[{"href":"https:\/\/8273.matbao.website\/index.php\/wp-json\/wp\/v2\/product"}],"about":[{"href":"https:\/\/8273.matbao.website\/index.php\/wp-json\/wp\/v2\/types\/product"}],"replies":[{"embeddable":true,"href":"https:\/\/8273.matbao.website\/index.php\/wp-json\/wp\/v2\/comments?post=2261"}],"wp:featuredmedia":[{"embeddable":true,"href":"https:\/\/8273.matbao.website\/index.php\/wp-json\/wp\/v2\/media\/2237"}],"wp:attachment":[{"href":"https:\/\/8273.matbao.website\/index.php\/wp-json\/wp\/v2\/media?parent=2261"}],"wp:term":[{"taxonomy":"product_cat","embeddable":true,"href":"https:\/\/8273.matbao.website\/index.php\/wp-json\/wp\/v2\/product_cat?post=2261"},{"taxonomy":"product_tag","embeddable":true,"href":"https:\/\/8273.matbao.website\/index.php\/wp-json\/wp\/v2\/product_tag?post=2261"}],"curies":[{"name":"wp","href":"https:\/\/api.w.org\/{rel}","templated":true}]}}