{"id":2262,"date":"2017-09-29T15:24:11","date_gmt":"2017-09-29T15:24:11","guid":{"rendered":"https:\/\/elementor3.thembay.com\/puca\/?post_type=product&#038;p=2262"},"modified":"2024-12-07T15:53:23","modified_gmt":"2024-12-07T15:53:23","slug":"mu-luoi-trai","status":"publish","type":"product","link":"https:\/\/8273.matbao.website\/index.php\/product\/mu-luoi-trai\/","title":{"rendered":"Mu\u0303 l\u01b0\u01a1\u0303i trai"},"content":{"rendered":"<h3><strong>Ch\u1ea5t li\u1ec7u b\u1ec1n b\u1ec9, tho\u00e1ng kh\u00ed<\/strong><\/h3>\n<p>M\u0169 l\u01b0\u1ee1i trai th\u01b0\u1eddng \u0111\u01b0\u1ee3c l\u00e0m t\u1eeb c\u00e1c ch\u1ea5t li\u1ec7u nh\u1eb9 v\u00e0 tho\u00e1ng kh\u00ed nh\u01b0 v\u1ea3i cotton, polyester hay ch\u1ea5t li\u1ec7u pha tr\u1ed9n, gi\u00fap ng\u01b0\u1eddi \u0111eo c\u1ea3m th\u1ea5y d\u1ec5 ch\u1ecbu trong su\u1ed1t qu\u00e1 tr\u00ecnh s\u1eed d\u1ee5ng. Ch\u1ea5t li\u1ec7u n\u00e0y kh\u00f4ng ch\u1ec9 gi\u00fap m\u0169 c\u00f3 \u0111\u1ed9 b\u1ec1n cao m\u00e0 c\u00f2n d\u1ec5 d\u00e0ng tho\u00e1t kh\u00ed, gi\u1eef cho \u0111\u1ea7u b\u1ea1n lu\u00f4n kh\u00f4 r\u00e1o v\u00e0 tho\u1ea3i m\u00e1i, \u0111\u1eb7c bi\u1ec7t khi tham gia c\u00e1c ho\u1ea1t \u0111\u1ed9ng ngo\u00e0i tr\u1eddi nh\u01b0 \u0111i b\u1ed9, ch\u1ea1y b\u1ed9 hay ch\u01a1i th\u1ec3 thao. Ngo\u00e0i ra, c\u00e1c ch\u1ea5t li\u1ec7u n\u00e0y c\u00f2n gi\u00fap m\u0169 d\u1ec5 d\u00e0ng v\u1ec7 sinh v\u00e0 b\u1ea3o qu\u1ea3n sau khi s\u1eed d\u1ee5ng.<\/p>\n<h3><strong>Thi\u1ebft k\u1ebf ti\u1ec7n l\u1ee3i, d\u1ec5 s\u1eed d\u1ee5ng<\/strong><\/h3>\n<p>M\u1ed9t trong nh\u1eefng \u0111i\u1ec3m m\u1ea1nh c\u1ee7a m\u0169 l\u01b0\u1ee1i trai l\u00e0 thi\u1ebft k\u1ebf ti\u1ec7n l\u1ee3i v\u00e0 d\u1ec5 s\u1eed d\u1ee5ng. M\u0169 c\u00f3 ph\u1ea7n l\u01b0\u1ee1i trai r\u1ed9ng gi\u00fap b\u1ea3o v\u1ec7 khu\u00f4n m\u1eb7t kh\u1ecfi \u00e1nh n\u1eafng m\u1eb7t tr\u1eddi v\u00e0 gi\u1ea3m thi\u1ec3u t\u00e1c h\u1ea1i c\u1ee7a tia UV, \u0111\u1eb7c bi\u1ec7t khi b\u1ea1n tham gia c\u00e1c ho\u1ea1t \u0111\u1ed9ng ngo\u00e0i tr\u1eddi. Ph\u1ea7n l\u01b0ng m\u0169 c\u00f3 th\u1ec3 \u0111i\u1ec1u ch\u1ec9nh \u0111\u01b0\u1ee3c, gi\u00fap b\u1ea1n d\u1ec5 d\u00e0ng thay \u0111\u1ed5i k\u00edch c\u1ee1 sao cho ph\u00f9 h\u1ee3p v\u1edbi k\u00edch th\u01b0\u1edbc \u0111\u1ea7u c\u1ee7a m\u00ecnh. \u0110i\u1ec1u n\u00e0y kh\u00f4ng ch\u1ec9 mang l\u1ea1i s\u1ef1 tho\u1ea3i m\u00e1i m\u00e0 c\u00f2n gi\u00fap m\u0169 lu\u00f4n \u00f4m s\u00e1t v\u00e0 kh\u00f4ng b\u1ecb x\u00f4 l\u1ec7ch khi b\u1ea1n v\u1eadn \u0111\u1ed9ng.<\/p>\n<h3><strong>Phong c\u00e1ch tr\u1ebb trung, \u0111a d\u1ea1ng<\/strong><\/h3>\n<p>M\u0169 l\u01b0\u1ee1i trai c\u00f3 r\u1ea5t nhi\u1ec1u ki\u1ec3u d\u00e1ng v\u00e0 m\u00e0u s\u1eafc kh\u00e1c nhau, ph\u00f9 h\u1ee3p v\u1edbi nhi\u1ec1u phong c\u00e1ch th\u1eddi trang kh\u00e1c nhau. B\u1ea1n c\u00f3 th\u1ec3 d\u1ec5 d\u00e0ng t\u00ecm th\u1ea5y nh\u1eefng chi\u1ebfc m\u0169 l\u01b0\u1ee1i trai v\u1edbi c\u00e1c h\u1ecda ti\u1ebft \u0111\u01a1n gi\u1ea3n, t\u1ed1i gi\u1ea3n cho phong c\u00e1ch casual, ho\u1eb7c c\u00e1c m\u1eabu m\u0169 in logo th\u1ec3 thao, n\u0103ng \u0111\u1ed9ng. M\u0169 l\u01b0\u1ee1i trai kh\u00f4ng ch\u1ec9 l\u00e0 ph\u1ee5 ki\u1ec7n b\u1ea3o v\u1ec7 m\u00e0 c\u00f2n l\u00e0 m\u00f3n \u0111\u1ed3 th\u1ec3 hi\u1ec7n c\u00e1 t\u00ednh c\u1ee7a ng\u01b0\u1eddi \u0111eo. D\u00f9 b\u1ea1n \u0111ang di\u1ec7n trang ph\u1ee5c th\u1ec3 thao hay \u0111\u01a1n gi\u1ea3n l\u00e0 m\u1ed9t b\u1ed9 \u0111\u1ed3 th\u01b0\u1eddng ng\u00e0y, m\u0169 l\u01b0\u1ee1i trai s\u1ebd gi\u00fap b\u1ea1n th\u00eam ph\u1ea7n tr\u1ebb trung v\u00e0 n\u0103ng \u0111\u1ed9ng.<\/p>\n<h3><strong>S\u1eed d\u1ee5ng linh ho\u1ea1t trong nhi\u1ec1u t\u00ecnh hu\u1ed1ng<\/strong><\/h3>\n<p>M\u0169 l\u01b0\u1ee1i trai kh\u00f4ng ch\u1ec9 \u0111\u01b0\u1ee3c s\u1eed d\u1ee5ng khi tham gia c\u00e1c ho\u1ea1t \u0111\u1ed9ng th\u1ec3 thao m\u00e0 c\u00f2n l\u00e0 m\u00f3n ph\u1ee5 ki\u1ec7n th\u1eddi trang h\u00e0ng ng\u00e0y. B\u1ea1n c\u00f3 th\u1ec3 d\u1ec5 d\u00e0ng k\u1ebft h\u1ee3p m\u0169 l\u01b0\u1ee1i trai khi \u0111i d\u1ea1o ph\u1ed1, \u0111i du l\u1ecbch hay tham gia c\u00e1c bu\u1ed5i picnic c\u00f9ng b\u1ea1n b\u00e8. M\u0169 l\u01b0\u1ee1i trai c\u0169ng l\u00e0 m\u00f3n qu\u00e0 \u00fd ngh\u0129a v\u00e0 thi\u1ebft th\u1ef1c d\u00e0nh t\u1eb7ng cho nh\u1eefng ng\u01b0\u1eddi y\u00eau th\u00edch th\u1ec3 thao hay c\u00e1c chuy\u1ebfn \u0111i d\u00e3 ngo\u1ea1i.<\/p>\n","protected":false},"excerpt":{"rendered":"<p>M\u0169 l\u01b0\u1ee1i trai l\u00e0 m\u1ed9t ph\u1ee5 ki\u1ec7n th\u1eddi trang ph\u1ed5 bi\u1ebfn v\u00e0 \u0111\u01b0\u1ee3c y\u00eau th\u00edch, kh\u00f4ng ch\u1ec9 b\u1edfi t\u00ednh ti\u1ec7n d\u1ee5ng m\u00e0 c\u00f2n v\u00ec kh\u1ea3 n\u0103ng t\u1ea1o \u0111i\u1ec3m nh\u1ea5n cho phong c\u00e1ch c\u00e1 nh\u00e2n. V\u1edbi thi\u1ebft k\u1ebf \u0111\u01a1n gi\u1ea3n, tr\u1ebb trung v\u00e0 linh ho\u1ea1t, m\u0169 l\u01b0\u1ee1i trai kh\u00f4ng ch\u1ec9 gi\u00fap b\u1ea3o v\u1ec7 b\u1ea1n kh\u1ecfi \u00e1nh n\u1eafng m\u1eb7t tr\u1eddi m\u00e0 c\u00f2n l\u00e0 m\u00f3n ph\u1ee5 ki\u1ec7n th\u1ec3 thao, n\u0103ng \u0111\u1ed9ng, d\u1ec5 d\u00e0ng k\u1ebft h\u1ee3p v\u1edbi nhi\u1ec1u lo\u1ea1i trang ph\u1ee5c kh\u00e1c nhau.<\/p>\n","protected":false},"featured_media":2240,"comment_status":"open","ping_status":"closed","template":"","meta":[],"product_cat":[43,28],"product_tag":[44,51,35],"class_list":{"0":"post-2262","1":"product","2":"type-product","3":"status-publish","4":"has-post-thumbnail","6":"product_cat-nam","7":"product_cat-phu-kien","8":"product_tag-nam","9":"product_tag-nu","10":"product_tag-quan-ao","11":"yith_product_brand-lotte","14":"instock","15":"shipping-taxable","16":"purchasable","17":"product-type-simple"},"_links":{"self":[{"href":"https:\/\/8273.matbao.website\/index.php\/wp-json\/wp\/v2\/product\/2262"}],"collection":[{"href":"https:\/\/8273.matbao.website\/index.php\/wp-json\/wp\/v2\/product"}],"about":[{"href":"https:\/\/8273.matbao.website\/index.php\/wp-json\/wp\/v2\/types\/product"}],"replies":[{"embeddable":true,"href":"https:\/\/8273.matbao.website\/index.php\/wp-json\/wp\/v2\/comments?post=2262"}],"wp:featuredmedia":[{"embeddable":true,"href":"https:\/\/8273.matbao.website\/index.php\/wp-json\/wp\/v2\/media\/2240"}],"wp:attachment":[{"href":"https:\/\/8273.matbao.website\/index.php\/wp-json\/wp\/v2\/media?parent=2262"}],"wp:term":[{"taxonomy":"product_cat","embeddable":true,"href":"https:\/\/8273.matbao.website\/index.php\/wp-json\/wp\/v2\/product_cat?post=2262"},{"taxonomy":"product_tag","embeddable":true,"href":"https:\/\/8273.matbao.website\/index.php\/wp-json\/wp\/v2\/product_tag?post=2262"}],"curies":[{"name":"wp","href":"https:\/\/api.w.org\/{rel}","templated":true}]}}