{"id":2263,"date":"2017-09-29T15:26:45","date_gmt":"2017-09-29T15:26:45","guid":{"rendered":"https:\/\/elementor3.thembay.com\/puca\/?post_type=product&#038;p=2263"},"modified":"2024-12-07T16:40:39","modified_gmt":"2024-12-07T16:40:39","slug":"kinh-mat-dap-xe-trong-suot","status":"publish","type":"product","link":"https:\/\/8273.matbao.website\/index.php\/product\/kinh-mat-dap-xe-trong-suot\/","title":{"rendered":"K\u00ednh m\u00e1t \u0111\u1ea1p xe trong su\u1ed1t"},"content":{"rendered":"<h3><strong>Tr\u00f2ng k\u00ednh trong su\u1ed1t, t\u1ea7m nh\u00ecn r\u00f5 r\u00e0ng<\/strong><\/h3>\n<p>K\u00ednh m\u00e1t \u0111\u1ea1p xe trong su\u1ed1t \u0111\u01b0\u1ee3c thi\u1ebft k\u1ebf v\u1edbi tr\u00f2ng k\u00ednh trong su\u1ed1t, mang l\u1ea1i t\u1ea7m nh\u00ecn s\u1eafc n\u00e9t v\u00e0 r\u00f5 r\u00e0ng trong su\u1ed1t qu\u00e1 tr\u00ecnh di chuy\u1ec3n, d\u00f9 l\u00e0 ban ng\u00e0y hay khi \u00e1nh s\u00e1ng y\u1ebfu. Tr\u00f2ng k\u00ednh trong su\u1ed1t gi\u00fap ng\u01b0\u1eddi \u0111eo kh\u00f4ng b\u1ecb h\u1ea1n ch\u1ebf t\u1ea7m nh\u00ecn trong \u0111i\u1ec1u ki\u1ec7n \u00e1nh s\u00e1ng thay \u0111\u1ed5i, nh\u01b0 khi \u0111\u1ea1p xe v\u00e0o s\u00e1ng s\u1edbm ho\u1eb7c chi\u1ec1u mu\u1ed9n. \u0110i\u1ec1u n\u00e0y r\u1ea5t quan tr\u1ecdng \u0111\u1ed1i v\u1edbi nh\u1eefng ng\u01b0\u1eddi \u0111\u1ea1p xe trong c\u00e1c m\u00f4i tr\u01b0\u1eddng thay \u0111\u1ed5i \u00e1nh s\u00e1ng ho\u1eb7c khi tham gia c\u00e1c cu\u1ed9c \u0111ua, n\u01a1i s\u1ef1 r\u00f5 r\u00e0ng trong t\u1ea7m nh\u00ecn gi\u00fap n\u00e2ng cao hi\u1ec7u su\u1ea5t v\u00e0 an to\u00e0n.<\/p>\n<h3><strong>B\u1ea3o v\u1ec7 m\u1eaft kh\u1ecfi b\u1ee5i b\u1ea9n v\u00e0 gi\u00f3<\/strong><\/h3>\n<p>M\u1ed9t trong nh\u1eefng \u01b0u \u0111i\u1ec3m l\u1edbn c\u1ee7a k\u00ednh m\u00e1t \u0111\u1ea1p xe trong su\u1ed1t l\u00e0 kh\u1ea3 n\u0103ng b\u1ea3o v\u1ec7 m\u1eaft kh\u1ecfi b\u1ee5i b\u1ea9n, gi\u00f3 v\u00e0 c\u00e1c t\u00e1c nh\u00e2n b\u00ean ngo\u00e0i. Khi \u0111\u1ea1p xe v\u1edbi t\u1ed1c \u0111\u1ed9 cao, gi\u00f3 m\u1ea1nh c\u00f3 th\u1ec3 l\u00e0m m\u1eaft b\u1ecb kh\u00f4, g\u00e2y kh\u00f3 ch\u1ecbu. K\u00ednh m\u00e1t gi\u00fap gi\u1ea3m thi\u1ec3u t\u00e1c \u0111\u1ed9ng n\u00e0y, gi\u1eef cho m\u1eaft b\u1ea1n lu\u00f4n tho\u1ea3i m\u00e1i v\u00e0 b\u1ea3o v\u1ec7 kh\u1ecfi b\u1ee5i, c\u00e1t hay c\u00e1c v\u1eadt nh\u1ecf c\u00f3 th\u1ec3 bay v\u00e0o m\u1eaft trong khi di chuy\u1ec3n. \u0110i\u1ec1u n\u00e0y gi\u00fap b\u1ea1n duy tr\u00ec s\u1ef1 t\u1eadp trung v\u00e0 an to\u00e0n trong su\u1ed1t h\u00e0nh tr\u00ecnh.<\/p>\n<h3><strong>Thi\u1ebft k\u1ebf nh\u1eb9 v\u00e0 tho\u1ea3i m\u00e1i<\/strong><\/h3>\n<p>K\u00ednh m\u00e1t \u0111\u1ea1p xe trong su\u1ed1t c\u00f3 thi\u1ebft k\u1ebf nh\u1eb9 nh\u00e0ng v\u00e0 v\u1eeba v\u1eb7n, gi\u00fap b\u1ea1n c\u1ea3m th\u1ea5y tho\u1ea3i m\u00e1i ngay c\u1ea3 khi \u0111eo trong th\u1eddi gian d\u00e0i. G\u1ecdng k\u00ednh th\u01b0\u1eddng \u0111\u01b0\u1ee3c l\u00e0m t\u1eeb ch\u1ea5t li\u1ec7u nh\u1ef1a cao c\u1ea5p ho\u1eb7c titan, gi\u00fap gi\u1ea3m tr\u1ecdng l\u01b0\u1ee3ng m\u00e0 v\u1eabn \u0111\u1ea3m b\u1ea3o \u0111\u1ed9 b\u1ec1n. \u0110\u1ed3ng th\u1eddi, thi\u1ebft k\u1ebf \u00f4m s\u00e1t khu\u00f4n m\u1eb7t v\u00e0 c\u00f3 th\u1ec3 \u0111i\u1ec1u ch\u1ec9nh \u0111\u1ec3 v\u1eeba v\u1eb7n v\u1edbi nhi\u1ec1u k\u00edch c\u1ee1, gi\u00fap k\u00ednh kh\u00f4ng b\u1ecb tr\u01b0\u1ee3t trong su\u1ed1t qu\u00e1 tr\u00ecnh \u0111\u1ea1p xe.<\/p>\n<h3><strong>Phong c\u00e1ch th\u1ec3 thao, d\u1ec5 k\u1ebft h\u1ee3p<\/strong><\/h3>\n<p>V\u1edbi ki\u1ec3u d\u00e1ng th\u1ec3 thao, k\u00ednh m\u00e1t \u0111\u1ea1p xe trong su\u1ed1t kh\u00f4ng ch\u1ec9 gi\u00fap b\u1ea1n b\u1ea3o v\u1ec7 m\u1eaft m\u00e0 c\u00f2n l\u00e0 m\u00f3n ph\u1ee5 ki\u1ec7n th\u1eddi trang khi tham gia c\u00e1c ho\u1ea1t \u0111\u1ed9ng th\u1ec3 thao. M\u00e0u s\u1eafc v\u00e0 thi\u1ebft k\u1ebf \u0111\u01a1n gi\u1ea3n nh\u01b0ng hi\u1ec7n \u0111\u1ea1i gi\u00fap chi\u1ebfc k\u00ednh d\u1ec5 d\u00e0ng k\u1ebft h\u1ee3p v\u1edbi nhi\u1ec1u lo\u1ea1i trang ph\u1ee5c th\u1ec3 thao kh\u00e1c nhau, t\u1eeb \u00e1o thun, qu\u1ea7n short \u0111\u1ebfn c\u00e1c b\u1ed9 \u0111\u1ed3 \u0111\u1ea1p xe chuy\u00ean d\u1ee5ng. B\u1ea1n c\u00f3 th\u1ec3 t\u1ef1 tin v\u00e0 phong c\u00e1ch khi tham gia c\u00e1c cu\u1ed9c \u0111ua ho\u1eb7c nh\u1eefng chuy\u1ebfn \u0111\u1ea1p xe th\u01b0 gi\u00e3n.<\/p>\n<h3><strong>L\u1ef1a ch\u1ecdn tuy\u1ec7t v\u1eddi cho qu\u00e0 t\u1eb7ng<\/strong><\/h3>\n<p>K\u00ednh m\u00e1t \u0111\u1ea1p xe trong su\u1ed1t l\u00e0 m\u00f3n qu\u00e0 l\u00fd t\u01b0\u1edfng d\u00e0nh t\u1eb7ng cho nh\u1eefng ng\u01b0\u1eddi \u0111am m\u00ea th\u1ec3 thao, \u0111\u1eb7c bi\u1ec7t l\u00e0 \u0111\u1ea1p xe. V\u1edbi t\u00ednh n\u0103ng b\u1ea3o v\u1ec7 m\u1eaft v\u00e0 thi\u1ebft k\u1ebf ti\u1ec7n d\u1ee5ng, chi\u1ebfc k\u00ednh n\u00e0y s\u1ebd l\u00e0 m\u00f3n qu\u00e0 thi\u1ebft th\u1ef1c v\u00e0 \u0111\u1ea7y \u00fd ngh\u0129a cho nh\u1eefng d\u1ecbp \u0111\u1eb7c bi\u1ec7t nh\u01b0 sinh nh\u1eadt, l\u1ec5 t\u1ebft hay c\u00e1c d\u1ecbp k\u1ef7 ni\u1ec7m.<\/p>\n","protected":false},"excerpt":{"rendered":"<p>K\u00ednh m\u00e1t \u0111\u1ea1p xe trong su\u1ed1t l\u00e0 m\u1ed9t ph\u1ee5 ki\u1ec7n kh\u00f4ng th\u1ec3 thi\u1ebfu \u0111\u1ed1i v\u1edbi nh\u1eefng ng\u01b0\u1eddi y\u00eau th\u00edch b\u1ed9 m\u00f4n \u0111\u1ea1p xe, \u0111\u1eb7c bi\u1ec7t l\u00e0 trong c\u00e1c chuy\u1ebfn \u0111i d\u00e0i ho\u1eb7c khi tham gia c\u00e1c cu\u1ed9c \u0111ua. V\u1edbi thi\u1ebft k\u1ebf th\u00f4ng minh v\u00e0 tr\u00f2ng k\u00ednh trong su\u1ed1t, chi\u1ebfc k\u00ednh n\u00e0y kh\u00f4ng ch\u1ec9 b\u1ea3o v\u1ec7 m\u1eaft kh\u1ecfi b\u1ee5i b\u1ea9n, gi\u00f3 v\u00e0 c\u00e1c y\u1ebfu t\u1ed1 b\u00ean ngo\u00e0i m\u00e0 c\u00f2n gi\u00fap b\u1ea1n c\u00f3 t\u1ea7m nh\u00ecn r\u00f5 r\u00e0ng trong m\u1ecdi \u0111i\u1ec1u ki\u1ec7n th\u1eddi ti\u1ebft.<\/p>\n","protected":false},"featured_media":2242,"comment_status":"open","ping_status":"closed","template":"","meta":[],"product_cat":[43,50,28,34],"product_tag":[51,27,29],"class_list":{"0":"post-2263","1":"product","2":"type-product","3":"status-publish","4":"has-post-thumbnail","6":"product_cat-nam","7":"product_cat-nu","8":"product_cat-phu-kien","9":"product_cat-quan-ao","10":"product_tag-nu","11":"product_tag-phu-kien","12":"product_tag-tui-xach","13":"yith_product_brand-lotte","16":"instock","17":"shipping-taxable","18":"purchasable","19":"product-type-variable","20":"has-default-attributes"},"_links":{"self":[{"href":"https:\/\/8273.matbao.website\/index.php\/wp-json\/wp\/v2\/product\/2263"}],"collection":[{"href":"https:\/\/8273.matbao.website\/index.php\/wp-json\/wp\/v2\/product"}],"about":[{"href":"https:\/\/8273.matbao.website\/index.php\/wp-json\/wp\/v2\/types\/product"}],"replies":[{"embeddable":true,"href":"https:\/\/8273.matbao.website\/index.php\/wp-json\/wp\/v2\/comments?post=2263"}],"wp:featuredmedia":[{"embeddable":true,"href":"https:\/\/8273.matbao.website\/index.php\/wp-json\/wp\/v2\/media\/2242"}],"wp:attachment":[{"href":"https:\/\/8273.matbao.website\/index.php\/wp-json\/wp\/v2\/media?parent=2263"}],"wp:term":[{"taxonomy":"product_cat","embeddable":true,"href":"https:\/\/8273.matbao.website\/index.php\/wp-json\/wp\/v2\/product_cat?post=2263"},{"taxonomy":"product_tag","embeddable":true,"href":"https:\/\/8273.matbao.website\/index.php\/wp-json\/wp\/v2\/product_tag?post=2263"}],"curies":[{"name":"wp","href":"https:\/\/api.w.org\/{rel}","templated":true}]}}