{"id":2267,"date":"2017-09-29T15:29:27","date_gmt":"2017-09-29T15:29:27","guid":{"rendered":"https:\/\/elementor3.thembay.com\/puca\/?post_type=product&#038;p=2267"},"modified":"2024-12-07T15:49:30","modified_gmt":"2024-12-07T15:49:30","slug":"kinh-mat-phan-cuc-hiking","status":"publish","type":"product","link":"https:\/\/8273.matbao.website\/index.php\/product\/kinh-mat-phan-cuc-hiking\/","title":{"rendered":"K\u00ednh m\u00e1t ph\u00e2n c\u1ef1c hiking"},"content":{"rendered":"<h3><strong>C\u00f4ng ngh\u1ec7 ph\u00e2n c\u1ef1c, ch\u1ed1ng ch\u00f3i hi\u1ec7u qu\u1ea3<\/strong><\/h3>\n<p>K\u00ednh m\u00e1t ph\u00e2n c\u1ef1c hiking \u0111\u01b0\u1ee3c trang b\u1ecb c\u00f4ng ngh\u1ec7 ph\u00e2n c\u1ef1c, gi\u00fap lo\u1ea1i b\u1ecf \u00e1nh s\u00e1ng ch\u00f3i ph\u1ea3n chi\u1ebfu t\u1eeb b\u1ec1 m\u1eb7t n\u01b0\u1edbc, \u0111\u00e1, tuy\u1ebft hay m\u1eb7t \u0111\u01b0\u1eddng. \u0110i\u1ec1u n\u00e0y gi\u00fap ng\u01b0\u1eddi s\u1eed d\u1ee5ng c\u00f3 t\u1ea7m nh\u00ecn r\u00f5 r\u00e0ng v\u00e0 s\u1eafc n\u00e9t h\u01a1n, \u0111\u1eb7c bi\u1ec7t trong nh\u1eefng chuy\u1ebfn \u0111i v\u00e0o ban ng\u00e0y d\u01b0\u1edbi \u00e1nh n\u1eafng m\u1eb7t tr\u1eddi gay g\u1eaft. C\u00f4ng ngh\u1ec7 ph\u00e2n c\u1ef1c gi\u00fap b\u1ea3o v\u1ec7 m\u1eaft kh\u1ecfi nh\u1eefng tia s\u00e1ng ch\u00f3i v\u00e0 gi\u1ea3m thi\u1ec3u m\u1ecfi m\u1eaft, gi\u00fap b\u1ea1n d\u1ec5 d\u00e0ng quan s\u00e1t v\u00e0 di chuy\u1ec3n m\u00e0 kh\u00f4ng b\u1ecb \u1ea3nh h\u01b0\u1edfng b\u1edfi \u00e1nh s\u00e1ng m\u1ea1nh.<\/p>\n<h3><strong>B\u1ea3o v\u1ec7 m\u1eaft t\u1ed1i \u0111a v\u1edbi kh\u1ea3 n\u0103ng ch\u1ed1ng tia UV<\/strong><\/h3>\n<p>M\u1eaft k\u00ednh ph\u00e2n c\u1ef1c hiking kh\u00f4ng ch\u1ec9 gi\u00fap lo\u1ea1i b\u1ecf \u00e1nh s\u00e1ng ch\u00f3i m\u00e0 c\u00f2n cung c\u1ea5p kh\u1ea3 n\u0103ng b\u1ea3o v\u1ec7 m\u1eaft kh\u1ecfi t\u00e1c h\u1ea1i c\u1ee7a tia UV. C\u00e1c tr\u00f2ng k\u00ednh c\u1ee7a lo\u1ea1i k\u00ednh n\u00e0y c\u00f3 kh\u1ea3 n\u0103ng ch\u1ed1ng tia UV 100%, ng\u0103n ch\u1eb7n t\u00e1c \u0111\u1ed9ng ti\u00eau c\u1ef1c t\u1eeb c\u00e1c tia c\u1ef1c t\u00edm, gi\u00fap gi\u1ea3m nguy c\u01a1 t\u1ed5n th\u01b0\u01a1ng m\u1eaft v\u00e0 b\u1ea3o v\u1ec7 s\u1ee9c kh\u1ecfe \u0111\u00f4i m\u1eaft c\u1ee7a b\u1ea1n trong su\u1ed1t chuy\u1ebfn \u0111i. \u0110i\u1ec1u n\u00e0y r\u1ea5t quan tr\u1ecdng khi b\u1ea1n tham gia c\u00e1c ho\u1ea1t \u0111\u1ed9ng ngo\u00e0i tr\u1eddi k\u00e9o d\u00e0i, \u0111\u1eb7c bi\u1ec7t l\u00e0 trong m\u00f4i tr\u01b0\u1eddng n\u00fai r\u1eebng ho\u1eb7c v\u00f9ng cao n\u01a1i \u00e1nh n\u1eafng m\u1eb7t tr\u1eddi m\u1ea1nh m\u1ebd h\u01a1n.<\/p>\n<h3><strong>Thi\u1ebft k\u1ebf ch\u1eafc ch\u1eafn, tho\u1ea3i m\u00e1i khi s\u1eed d\u1ee5ng<\/strong><\/h3>\n<p>K\u00ednh m\u00e1t ph\u00e2n c\u1ef1c hiking th\u01b0\u1eddng c\u00f3 thi\u1ebft k\u1ebf ch\u1eafc ch\u1eafn v\u00e0 nh\u1eb9, gi\u00fap b\u1ea1n c\u1ea3m th\u1ea5y tho\u1ea3i m\u00e1i trong su\u1ed1t qu\u00e1 tr\u00ecnh s\u1eed d\u1ee5ng. G\u1ecdng k\u00ednh \u0111\u01b0\u1ee3c l\u00e0m t\u1eeb ch\u1ea5t li\u1ec7u nh\u1eb9 nh\u01b0 nh\u1ef1a cao c\u1ea5p ho\u1eb7c titan, gi\u00fap k\u00ednh kh\u00f4ng b\u1ecb n\u1eb7ng v\u00e0 t\u1ea1o c\u1ea3m gi\u00e1c d\u1ec5 ch\u1ecbu ngay c\u1ea3 khi \u0111eo l\u00e2u. H\u01a1n n\u1eefa, thi\u1ebft k\u1ebf \u00f4m s\u00e1t m\u1eb7t gi\u00fap k\u00ednh kh\u00f4ng b\u1ecb tr\u01b0\u1ee3t khi b\u1ea1n v\u1eadn \u0111\u1ed9ng m\u1ea1nh, mang l\u1ea1i s\u1ef1 \u1ed5n \u0111\u1ecbnh v\u00e0 ch\u1eafc ch\u1eafn trong m\u1ecdi t\u00ecnh hu\u1ed1ng.<\/p>\n<h3><strong>Phong c\u00e1ch th\u1ec3 thao, d\u1ec5 d\u00e0ng k\u1ebft h\u1ee3p<\/strong><\/h3>\n<p>K\u00ednh m\u00e1t ph\u00e2n c\u1ef1c hiking kh\u00f4ng ch\u1ec9 c\u00f3 t\u00ednh n\u0103ng b\u1ea3o v\u1ec7 m\u1eaft v\u01b0\u1ee3t tr\u1ed9i m\u00e0 c\u00f2n mang l\u1ea1i phong c\u00e1ch th\u1ec3 thao, n\u0103ng \u0111\u1ed9ng. V\u1edbi thi\u1ebft k\u1ebf th\u1ec3 thao hi\u1ec7n \u0111\u1ea1i, chi\u1ebfc k\u00ednh d\u1ec5 d\u00e0ng k\u1ebft h\u1ee3p v\u1edbi c\u00e1c b\u1ed9 \u0111\u1ed3 th\u1ec3 thao, \u00e1o thun, qu\u1ea7n short hay trang ph\u1ee5c hiking, gi\u00fap b\u1ea1n n\u1ed5i b\u1eadt v\u00e0 t\u1ef1 tin h\u01a1n trong m\u1ecdi chuy\u1ebfn \u0111i. Ngo\u00e0i ra, m\u00e0u s\u1eafc \u0111a d\u1ea1ng c\u1ee7a k\u00ednh c\u0169ng gi\u00fap b\u1ea1n d\u1ec5 d\u00e0ng l\u1ef1a ch\u1ecdn theo s\u1edf th\u00edch c\u00e1 nh\u00e2n.<\/p>\n<h3><strong>L\u1ef1a ch\u1ecdn l\u00fd t\u01b0\u1edfng cho qu\u00e0 t\u1eb7ng<\/strong><\/h3>\n<p>K\u00ednh m\u00e1t ph\u00e2n c\u1ef1c hiking l\u00e0 m\u00f3n qu\u00e0 tuy\u1ec7t v\u1eddi d\u00e0nh cho nh\u1eefng ng\u01b0\u1eddi y\u00eau th\u00edch c\u00e1c ho\u1ea1t \u0111\u1ed9ng ngo\u00e0i tr\u1eddi. V\u1edbi kh\u1ea3 n\u0103ng b\u1ea3o v\u1ec7 m\u1eaft, thi\u1ebft k\u1ebf ti\u1ec7n d\u1ee5ng v\u00e0 th\u1eddi trang, chi\u1ebfc k\u00ednh n\u00e0y s\u1ebd l\u00e0 m\u00f3n qu\u00e0 \u00fd ngh\u0129a cho nh\u1eefng d\u1ecbp \u0111\u1eb7c bi\u1ec7t nh\u01b0 sinh nh\u1eadt, l\u1ec5 t\u1ebft hay c\u00e1c d\u1ecbp k\u1ef7 ni\u1ec7m.<\/p>\n","protected":false},"excerpt":{"rendered":"<p>K\u00ednh m\u00e1t ph\u00e2n c\u1ef1c hiking l\u00e0 m\u1ed9t ph\u1ee5 ki\u1ec7n kh\u00f4ng th\u1ec3 thi\u1ebfu cho nh\u1eefng ng\u01b0\u1eddi y\u00eau th\u00edch c\u00e1c ho\u1ea1t \u0111\u1ed9ng ngo\u00e0i tr\u1eddi, \u0111\u1eb7c bi\u1ec7t l\u00e0 nh\u1eefng chuy\u1ebfn \u0111i hiking. V\u1edbi kh\u1ea3 n\u0103ng b\u1ea3o v\u1ec7 m\u1eaft t\u1ed1i \u01b0u v\u00e0 c\u1ea3i thi\u1ec7n t\u1ea7m nh\u00ecn, chi\u1ebfc k\u00ednh n\u00e0y kh\u00f4ng ch\u1ec9 gi\u00fap b\u1ea1n \u0111\u1ed1i ph\u00f3 v\u1edbi \u00e1nh s\u00e1ng m\u1ea1nh v\u00e0 ch\u00f3i m\u1eaft m\u00e0 c\u00f2n mang l\u1ea1i s\u1ef1 tho\u1ea3i m\u00e1i v\u00e0 an to\u00e0n khi di chuy\u1ec3n trong \u0111i\u1ec1u ki\u1ec7n th\u1eddi ti\u1ebft kh\u1eafc nghi\u1ec7t.<\/p>\n","protected":false},"featured_media":2243,"comment_status":"open","ping_status":"closed","template":"","meta":[],"product_cat":[49,43,28],"product_tag":[44,35,29],"class_list":{"0":"post-2267","1":"product","2":"type-product","3":"status-publish","4":"has-post-thumbnail","6":"product_cat-mat-kinh","7":"product_cat-nam","8":"product_cat-phu-kien","9":"product_tag-nam","10":"product_tag-quan-ao","11":"product_tag-tui-xach","12":"yith_product_brand-big-c","15":"instock","16":"shipping-taxable","17":"purchasable","18":"product-type-simple"},"_links":{"self":[{"href":"https:\/\/8273.matbao.website\/index.php\/wp-json\/wp\/v2\/product\/2267"}],"collection":[{"href":"https:\/\/8273.matbao.website\/index.php\/wp-json\/wp\/v2\/product"}],"about":[{"href":"https:\/\/8273.matbao.website\/index.php\/wp-json\/wp\/v2\/types\/product"}],"replies":[{"embeddable":true,"href":"https:\/\/8273.matbao.website\/index.php\/wp-json\/wp\/v2\/comments?post=2267"}],"wp:featuredmedia":[{"embeddable":true,"href":"https:\/\/8273.matbao.website\/index.php\/wp-json\/wp\/v2\/media\/2243"}],"wp:attachment":[{"href":"https:\/\/8273.matbao.website\/index.php\/wp-json\/wp\/v2\/media?parent=2267"}],"wp:term":[{"taxonomy":"product_cat","embeddable":true,"href":"https:\/\/8273.matbao.website\/index.php\/wp-json\/wp\/v2\/product_cat?post=2267"},{"taxonomy":"product_tag","embeddable":true,"href":"https:\/\/8273.matbao.website\/index.php\/wp-json\/wp\/v2\/product_tag?post=2267"}],"curies":[{"name":"wp","href":"https:\/\/api.w.org\/{rel}","templated":true}]}}