{"id":2276,"date":"2017-09-29T15:37:04","date_gmt":"2017-09-29T15:37:04","guid":{"rendered":"https:\/\/elementor3.thembay.com\/puca\/?post_type=product&#038;p=2276"},"modified":"2024-12-07T16:33:29","modified_gmt":"2024-12-07T16:33:29","slug":"tui-xach-ngang-du-lich","status":"publish","type":"product","link":"https:\/\/8273.matbao.website\/index.php\/product\/tui-xach-ngang-du-lich\/","title":{"rendered":"T\u00fai x\u00e1ch ngang du l\u1ecbch"},"content":{"rendered":"<p>T\u00fai x\u00e1ch ngang du l\u1ecbch l\u00e0 s\u1ef1 l\u1ef1a ch\u1ecdn l\u00fd t\u01b0\u1edfng cho nh\u1eefng chuy\u1ebfn \u0111i ng\u1eafn ng\u00e0y, nh\u1eefng chuy\u1ebfn c\u00f4ng t\u00e1c hay d\u00e3 ngo\u1ea1i. V\u1edbi thi\u1ebft k\u1ebf nh\u1ecf g\u1ecdn, ti\u1ec7n d\u1ee5ng nh\u01b0ng v\u1eabn \u0111\u1ea3m b\u1ea3o s\u1ee9c ch\u1ee9a \u0111\u1ee7 cho c\u00e1c v\u1eadt d\u1ee5ng c\u1ea7n thi\u1ebft, chi\u1ebfc t\u00fai n\u00e0y kh\u00f4ng ch\u1ec9 \u0111\u00e1p \u1ee9ng nhu c\u1ea7u s\u1eed d\u1ee5ng m\u00e0 c\u00f2n gi\u00fap b\u1ea1n th\u1ec3 hi\u1ec7n phong c\u00e1ch th\u1eddi trang hi\u1ec7n \u0111\u1ea1i.<\/p>\n<h3><strong>Ch\u1ea5t li\u1ec7u b\u1ec1n b\u1ec9, ch\u1eafc ch\u1eafn<\/strong><\/h3>\n<ul>\n<li><strong>Ch\u1ea5t li\u1ec7u cao c\u1ea5p:<\/strong> T\u00fai x\u00e1ch ngang du l\u1ecbch \u0111\u01b0\u1ee3c l\u00e0m t\u1eeb ch\u1ea5t li\u1ec7u v\u1ea3i cao c\u1ea5p ho\u1eb7c da PU, gi\u00fap t\u0103ng c\u01b0\u1eddng \u0111\u1ed9 b\u1ec1n v\u00e0 kh\u1ea3 n\u0103ng ch\u1ed1ng n\u01b0\u1edbc. C\u00e1c ch\u1ea5t li\u1ec7u n\u00e0y kh\u00f4ng ch\u1ec9 gi\u00fap t\u00fai gi\u1eef \u0111\u01b0\u1ee3c h\u00ecnh d\u00e1ng trong su\u1ed1t qu\u00e1 tr\u00ecnh s\u1eed d\u1ee5ng m\u00e0 c\u00f2n d\u1ec5 d\u00e0ng v\u1ec7 sinh khi c\u1ea7n thi\u1ebft.<\/li>\n<li><strong>Ch\u1ed1ng m\u00e0i m\u00f2n:<\/strong> V\u1edbi kh\u1ea3 n\u0103ng ch\u1ed1ng m\u00e0i m\u00f2n t\u1ed1t, t\u00fai c\u00f3 th\u1ec3 s\u1eed d\u1ee5ng trong nhi\u1ec1u \u0111i\u1ec1u ki\u1ec7n kh\u00e1c nhau, t\u1eeb \u0111i l\u1ea1i trong th\u00e0nh ph\u1ed1 \u0111\u1ebfn c\u00e1c chuy\u1ebfn \u0111i du l\u1ecbch xa. Ch\u1ea5t li\u1ec7u v\u1ea3i ho\u1eb7c da ch\u1eafc ch\u1eafn gi\u00fap t\u00fai c\u00f3 th\u1ec3 ch\u1ecbu \u0111\u01b0\u1ee3c va \u0111\u1eadp m\u00e0 kh\u00f4ng b\u1ecb h\u01b0 h\u1ecfng.<\/li>\n<\/ul>\n<h3><strong>Thi\u1ebft k\u1ebf ti\u1ec7n d\u1ee5ng, \u0111a n\u0103ng<\/strong><\/h3>\n<ul>\n<li><strong>Ng\u0103n ch\u1ee9a r\u1ed9ng r\u00e3i:<\/strong> T\u00fai x\u00e1ch ngang du l\u1ecbch \u0111\u01b0\u1ee3c thi\u1ebft k\u1ebf v\u1edbi c\u00e1c ng\u0103n ch\u1ee9a ti\u1ec7n d\u1ee5ng, gi\u00fap b\u1ea1n d\u1ec5 d\u00e0ng s\u1eafp x\u1ebfp v\u00e0 b\u1ea3o qu\u1ea3n \u0111\u1ed3 \u0111\u1ea1c. V\u1edbi ng\u0103n ch\u00ednh r\u1ed9ng r\u00e3i, b\u1ea1n c\u00f3 th\u1ec3 d\u1ec5 d\u00e0ng \u0111\u1ef1ng qu\u1ea7n \u00e1o, gi\u00e0y d\u00e9p, m\u1ef9 ph\u1ea9m hay c\u00e1c v\u1eadt d\u1ee5ng c\u00e1 nh\u00e2n kh\u00e1c. B\u00ean ngo\u00e0i v\u00e0 b\u00ean trong t\u00fai c\u00f2n c\u00f3 th\u00eam c\u00e1c ng\u0103n ph\u1ee5 \u0111\u1ec3 \u0111\u1ef1ng \u0111i\u1ec7n tho\u1ea1i, v\u00ed ti\u1ec1n, hay c\u00e1c v\u1eadt d\u1ee5ng nh\u1ecf g\u1ecdn kh\u00e1c.<\/li>\n<li><strong>D\u1ec5 d\u00e0ng mang theo:<\/strong> Thi\u1ebft k\u1ebf ngang c\u1ee7a t\u00fai mang l\u1ea1i c\u1ea3m gi\u00e1c ch\u1eafc ch\u1eafn v\u00e0 d\u1ec5 d\u00e0ng khi mang theo. D\u00e2y \u0111eo vai c\u00f3 th\u1ec3 \u0111i\u1ec1u ch\u1ec9nh \u0111\u1ed9 d\u00e0i \u0111\u1ec3 ph\u00f9 h\u1ee3p v\u1edbi k\u00edch c\u1ee1 c\u01a1 th\u1ec3, gi\u00fap b\u1ea1n c\u1ea3m th\u1ea5y tho\u1ea3i m\u00e1i khi di chuy\u1ec3n. Ngo\u00e0i ra, t\u00fai c\u00f2n c\u00f3 tay x\u00e1ch ch\u1eafc ch\u1eafn, gi\u00fap b\u1ea1n d\u1ec5 d\u00e0ng c\u1ea7m n\u1eafm khi c\u1ea7n thi\u1ebft.<\/li>\n<\/ul>\n<h3><strong>Phong c\u00e1ch th\u1eddi trang, d\u1ec5 k\u1ebft h\u1ee3p<\/strong><\/h3>\n<ul>\n<li><strong>Thi\u1ebft k\u1ebf hi\u1ec7n \u0111\u1ea1i:<\/strong> T\u00fai x\u00e1ch ngang du l\u1ecbch c\u00f3 thi\u1ebft k\u1ebf hi\u1ec7n \u0111\u1ea1i v\u00e0 t\u1ed1i gi\u1ea3n, ph\u00f9 h\u1ee3p v\u1edbi m\u1ecdi phong c\u00e1ch th\u1eddi trang. M\u00e0u s\u1eafc trung t\u00ednh nh\u01b0 \u0111en, n\u00e2u ho\u1eb7c x\u00e1m d\u1ec5 d\u00e0ng k\u1ebft h\u1ee3p v\u1edbi nhi\u1ec1u trang ph\u1ee5c kh\u00e1c nhau, t\u1eeb \u00e1o thun, qu\u1ea7n jeans \u0111\u1ebfn trang ph\u1ee5c th\u1ec3 thao.<\/li>\n<li><strong>Ph\u00f9 h\u1ee3p v\u1edbi nhi\u1ec1u ho\u00e0n c\u1ea3nh:<\/strong> Kh\u00f4ng ch\u1ec9 l\u00e0 t\u00fai du l\u1ecbch, chi\u1ebfc t\u00fai n\u00e0y c\u00f2n c\u00f3 th\u1ec3 s\u1eed d\u1ee5ng trong c\u00e1c d\u1ecbp kh\u00e1c nh\u01b0 \u0111i l\u00e0m, \u0111i h\u1ecdc hay d\u1ea1o ph\u1ed1. D\u00f9 b\u1ea1n \u0111ang tham gia m\u1ed9t chuy\u1ebfn du l\u1ecbch hay ch\u1ec9 \u0111\u01a1n gi\u1ea3n l\u00e0 \u0111i l\u00e0m, t\u00fai x\u00e1ch ngang du l\u1ecbch s\u1ebd lu\u00f4n l\u00e0 ng\u01b0\u1eddi b\u1ea1n \u0111\u1ed3ng h\u00e0nh l\u00fd t\u01b0\u1edfng.<\/li>\n<\/ul>\n<h3><strong>L\u1ef1a ch\u1ecdn tuy\u1ec7t v\u1eddi cho qu\u00e0 t\u1eb7ng<\/strong><\/h3>\n<p>T\u00fai x\u00e1ch ngang du l\u1ecbch l\u00e0 m\u00f3n qu\u00e0 tuy\u1ec7t v\u1eddi cho nh\u1eefng ai y\u00eau th\u00edch s\u1ef1 ti\u1ec7n d\u1ee5ng v\u00e0 phong c\u00e1ch. V\u1edbi thi\u1ebft k\u1ebf \u0111\u1eb9p m\u1eaft v\u00e0 ch\u1ea5t li\u1ec7u cao c\u1ea5p, chi\u1ebfc t\u00fai n\u00e0y ch\u1eafc ch\u1eafn s\u1ebd l\u00e0 m\u00f3n qu\u00e0 \u00fd ngh\u0129a cho c\u00e1c d\u1ecbp \u0111\u1eb7c bi\u1ec7t nh\u01b0 sinh nh\u1eadt, l\u1ec5 t\u1ebft hay c\u00e1c d\u1ecbp k\u1ef7 ni\u1ec7m.<\/p>\n<p>T\u00fai x\u00e1ch ngang du l\u1ecbch l\u00e0 m\u1ed9t m\u00f3n ph\u1ee5 ki\u1ec7n kh\u00f4ng th\u1ec3 thi\u1ebfu cho nh\u1eefng ai y\u00eau th\u00edch s\u1ef1 ti\u1ec7n d\u1ee5ng v\u00e0 th\u1eddi trang. V\u1edbi ch\u1ea5t li\u1ec7u b\u1ec1n b\u1ec9, thi\u1ebft k\u1ebf th\u00f4ng minh v\u00e0 t\u00ednh n\u0103ng \u0111a d\u1ee5ng, chi\u1ebfc t\u00fai n\u00e0y s\u1ebd l\u00e0 ng\u01b0\u1eddi b\u1ea1n \u0111\u1ed3ng h\u00e0nh l\u00fd t\u01b0\u1edfng trong m\u1ecdi chuy\u1ebfn \u0111i.<\/p>\n","protected":false},"excerpt":{"rendered":"<p>T\u00fai x\u00e1ch ngang du l\u1ecbch l\u00e0 s\u1ef1 l\u1ef1a ch\u1ecdn l\u00fd t\u01b0\u1edfng cho nh\u1eefng chuy\u1ebfn \u0111i ng\u1eafn ng\u00e0y, nh\u1eefng chuy\u1ebfn c\u00f4ng t\u00e1c hay d\u00e3 ngo\u1ea1i. V\u1edbi thi\u1ebft k\u1ebf nh\u1ecf g\u1ecdn, ti\u1ec7n d\u1ee5ng nh\u01b0ng v\u1eabn \u0111\u1ea3m b\u1ea3o s\u1ee9c ch\u1ee9a \u0111\u1ee7 cho c\u00e1c v\u1eadt d\u1ee5ng c\u1ea7n thi\u1ebft, chi\u1ebfc t\u00fai n\u00e0y kh\u00f4ng ch\u1ec9 \u0111\u00e1p \u1ee9ng nhu c\u1ea7u s\u1eed d\u1ee5ng m\u00e0 c\u00f2n gi\u00fap b\u1ea1n th\u1ec3 hi\u1ec7n phong c\u00e1ch th\u1eddi trang hi\u1ec7n \u0111\u1ea1i.<\/p>\n","protected":false},"featured_media":2291,"comment_status":"open","ping_status":"closed","template":"","meta":[],"product_cat":[50,28,30],"product_tag":[44,51,35],"class_list":{"0":"post-2276","1":"product","2":"type-product","3":"status-publish","4":"has-post-thumbnail","6":"product_cat-nu","7":"product_cat-phu-kien","8":"product_cat-tui-xach","9":"product_tag-nam","10":"product_tag-nu","11":"product_tag-quan-ao","12":"yith_product_brand-kfc","15":"instock","16":"shipping-taxable","17":"purchasable","18":"product-type-simple"},"_links":{"self":[{"href":"https:\/\/8273.matbao.website\/index.php\/wp-json\/wp\/v2\/product\/2276"}],"collection":[{"href":"https:\/\/8273.matbao.website\/index.php\/wp-json\/wp\/v2\/product"}],"about":[{"href":"https:\/\/8273.matbao.website\/index.php\/wp-json\/wp\/v2\/types\/product"}],"replies":[{"embeddable":true,"href":"https:\/\/8273.matbao.website\/index.php\/wp-json\/wp\/v2\/comments?post=2276"}],"wp:featuredmedia":[{"embeddable":true,"href":"https:\/\/8273.matbao.website\/index.php\/wp-json\/wp\/v2\/media\/2291"}],"wp:attachment":[{"href":"https:\/\/8273.matbao.website\/index.php\/wp-json\/wp\/v2\/media?parent=2276"}],"wp:term":[{"taxonomy":"product_cat","embeddable":true,"href":"https:\/\/8273.matbao.website\/index.php\/wp-json\/wp\/v2\/product_cat?post=2276"},{"taxonomy":"product_tag","embeddable":true,"href":"https:\/\/8273.matbao.website\/index.php\/wp-json\/wp\/v2\/product_tag?post=2276"}],"curies":[{"name":"wp","href":"https:\/\/api.w.org\/{rel}","templated":true}]}}