{"id":2278,"date":"2017-09-29T15:37:05","date_gmt":"2017-09-29T15:37:05","guid":{"rendered":"https:\/\/elementor3.thembay.com\/puca\/?post_type=product&#038;p=2278"},"modified":"2024-12-07T16:33:53","modified_gmt":"2024-12-07T16:33:53","slug":"vi-da-mini-dung-the","status":"publish","type":"product","link":"https:\/\/8273.matbao.website\/index.php\/product\/vi-da-mini-dung-the\/","title":{"rendered":"V\u00ed da mini \u0111\u1ef1ng th\u1ebb"},"content":{"rendered":"<p>V\u00ed da mini \u0111\u1ef1ng th\u1ebb l\u00e0 m\u00f3n ph\u1ee5 ki\u1ec7n nh\u1ecf g\u1ecdn nh\u01b0ng kh\u00f4ng k\u00e9m ph\u1ea7n tinh t\u1ebf, ph\u00f9 h\u1ee3p v\u1edbi nh\u1eefng ng\u01b0\u1eddi y\u00eau th\u00edch s\u1ef1 \u0111\u01a1n gi\u1ea3n nh\u01b0ng v\u1eabn c\u1ea7n s\u1ef1 ti\u1ec7n d\u1ee5ng. V\u1edbi thi\u1ebft k\u1ebf t\u1ed1i gi\u1ea3n v\u00e0 ch\u1ea5t li\u1ec7u da cao c\u1ea5p, chi\u1ebfc v\u00ed n\u00e0y kh\u00f4ng ch\u1ec9 gi\u00fap b\u1ea1n b\u1ea3o qu\u1ea3n c\u00e1c th\u1ebb t\u00edn d\u1ee5ng, th\u1ebb ng\u00e2n h\u00e0ng hay gi\u1ea5y t\u1edd quan tr\u1ecdng m\u1ed9t c\u00e1ch an to\u00e0n m\u00e0 c\u00f2n t\u00f4n l\u00ean phong c\u00e1ch c\u00e1 nh\u00e2n \u0111\u1ea7y phong c\u00e1ch.<\/p>\n<h3><strong>Ch\u1ea5t li\u1ec7u da cao c\u1ea5p, b\u1ec1n b\u1ec9<\/strong><\/h3>\n<ul>\n<li><strong>Da th\u1eadt cao c\u1ea5p:<\/strong> V\u00ed da mini \u0111\u1ef1ng th\u1ebb \u0111\u01b0\u1ee3c l\u00e0m t\u1eeb da th\u1eadt, mang \u0111\u1ebfn \u0111\u1ed9 b\u1ec1n cao v\u00e0 c\u1ea3m gi\u00e1c m\u1ec1m m\u1ea1i khi s\u1eed d\u1ee5ng. Da b\u00f2 ho\u1eb7c da PU th\u01b0\u1eddng \u0111\u01b0\u1ee3c l\u1ef1a ch\u1ecdn, gi\u00fap v\u00ed c\u00f3 kh\u1ea3 n\u0103ng ch\u1ed1ng m\u00e0i m\u00f2n v\u00e0 gi\u1eef \u0111\u01b0\u1ee3c v\u1ebb \u0111\u1eb9p l\u00e2u d\u00e0i theo th\u1eddi gian.<\/li>\n<li><strong>V\u00e2n da t\u1ef1 nhi\u00ean:<\/strong> M\u1ed7i chi\u1ebfc v\u00ed \u0111\u1ec1u c\u00f3 v\u00e2n da t\u1ef1 nhi\u00ean \u0111\u1ed9c \u0111\u00e1o, t\u1ea1o s\u1ef1 kh\u00e1c bi\u1ec7t v\u00e0 gi\u00fap chi\u1ebfc v\u00ed tr\u1edf n\u00ean n\u1ed5i b\u1eadt h\u01a1n. C\u00e1c chi ti\u1ebft da \u0111\u01b0\u1ee3c x\u1eed l\u00fd t\u1ec9 m\u1ec9, \u0111\u1ea3m b\u1ea3o s\u1ea3n ph\u1ea9m kh\u00f4ng ch\u1ec9 b\u1ec1n b\u1ec9 m\u00e0 c\u00f2n sang tr\u1ecdng, ph\u00f9 h\u1ee3p v\u1edbi nhi\u1ec1u \u0111\u1ed1i t\u01b0\u1ee3ng ng\u01b0\u1eddi d\u00f9ng.<\/li>\n<\/ul>\n<h3><strong>Thi\u1ebft k\u1ebf nh\u1ecf g\u1ecdn, ti\u1ec7n l\u1ee3i<\/strong><\/h3>\n<ul>\n<li><strong>K\u00edch th\u01b0\u1edbc mini:<\/strong> V\u1edbi thi\u1ebft k\u1ebf nh\u1ecf g\u1ecdn, v\u00ed da mini \u0111\u1ef1ng th\u1ebb c\u00f3 th\u1ec3 d\u1ec5 d\u00e0ng b\u1ecf v\u00e0o t\u00fai qu\u1ea7n, t\u00fai \u00e1o hay t\u00fai x\u00e1ch m\u00e0 kh\u00f4ng l\u00e0m b\u1ea1n c\u1ea3m th\u1ea5y v\u01b0\u1edbng v\u00edu. \u0110\u00e2y l\u00e0 l\u1ef1a ch\u1ecdn l\u00fd t\u01b0\u1edfng cho nh\u1eefng ai ch\u1ec9 c\u1ea7n mang theo m\u1ed9t v\u00e0i th\u1ebb ho\u1eb7c ti\u1ec1n m\u1eb7t m\u00e0 kh\u00f4ng mu\u1ed1n mang theo m\u1ed9t chi\u1ebfc v\u00ed l\u1edbn.<\/li>\n<li><strong>Ng\u0103n \u0111\u1ef1ng th\u1ebb th\u00f4ng minh:<\/strong> M\u1eb7c d\u00f9 nh\u1ecf g\u1ecdn, nh\u01b0ng v\u00ed da mini v\u1eabn c\u00f3 \u0111\u1ee7 ng\u0103n \u0111\u1ec3 ch\u1ee9a c\u00e1c th\u1ebb t\u00edn d\u1ee5ng, th\u1ebb ng\u00e2n h\u00e0ng, th\u1ebb xe, hay gi\u1ea5y t\u1edd quan tr\u1ecdng kh\u00e1c. C\u00e1c ng\u0103n \u0111\u01b0\u1ee3c thi\u1ebft k\u1ebf h\u1ee3p l\u00fd, gi\u00fap b\u1ea1n d\u1ec5 d\u00e0ng s\u1eafp x\u1ebfp v\u00e0 l\u1ea5y ra khi c\u1ea7n m\u00e0 kh\u00f4ng g\u1eb7p kh\u00f3 kh\u0103n.<\/li>\n<\/ul>\n<h3><strong>Phong c\u00e1ch \u0111\u01a1n gi\u1ea3n nh\u01b0ng tinh t\u1ebf<\/strong><\/h3>\n<ul>\n<li><strong>Thi\u1ebft k\u1ebf t\u1ed1i gi\u1ea3n:<\/strong> V\u00ed da mini \u0111\u1ef1ng th\u1ebb c\u00f3 thi\u1ebft k\u1ebf \u0111\u01a1n gi\u1ea3n nh\u01b0ng kh\u00f4ng k\u00e9m ph\u1ea7n sang tr\u1ecdng. V\u1edbi c\u00e1c \u0111\u01b0\u1eddng n\u00e9t s\u1eafc s\u1ea3o v\u00e0 m\u00e0u s\u1eafc trung t\u00ednh, chi\u1ebfc v\u00ed n\u00e0y ph\u00f9 h\u1ee3p v\u1edbi m\u1ecdi phong c\u00e1ch th\u1eddi trang, t\u1eeb c\u00f4ng s\u1edf cho \u0111\u1ebfn d\u1ea1o ph\u1ed1.<\/li>\n<li><strong>D\u1ec5 d\u00e0ng k\u1ebft h\u1ee3p v\u1edbi trang ph\u1ee5c:<\/strong> V\u00ed da mini kh\u00f4ng ch\u1ec9 l\u00e0 m\u1ed9t m\u00f3n ph\u1ee5 ki\u1ec7n ti\u1ec7n \u00edch m\u00e0 c\u00f2n l\u00e0 \u0111i\u1ec3m nh\u1ea5n phong c\u00e1ch cho b\u1ed9 trang ph\u1ee5c c\u1ee7a b\u1ea1n. V\u1edbi ki\u1ec3u d\u00e1ng nh\u1ecf g\u1ecdn v\u00e0 m\u00e0u s\u1eafc thanh l\u1ecbch, v\u00ed c\u00f3 th\u1ec3 d\u1ec5 d\u00e0ng ph\u1ed1i h\u1ee3p v\u1edbi b\u1ea5t k\u1ef3 trang ph\u1ee5c n\u00e0o, t\u1eeb trang ph\u1ee5c thanh l\u1ecbch cho c\u00f4ng s\u1edf \u0111\u1ebfn trang ph\u1ee5c n\u0103ng \u0111\u1ed9ng khi \u0111i ch\u01a1i.<\/li>\n<\/ul>\n<h3><strong>L\u1ef1a ch\u1ecdn tuy\u1ec7t v\u1eddi cho qu\u00e0 t\u1eb7ng<\/strong><\/h3>\n<p>V\u00ed da mini \u0111\u1ef1ng th\u1ebb l\u00e0 m\u00f3n qu\u00e0 l\u00fd t\u01b0\u1edfng cho nh\u1eefng d\u1ecbp \u0111\u1eb7c bi\u1ec7t nh\u01b0 sinh nh\u1eadt, l\u1ec5 t\u1ebft, hay c\u00e1c d\u1ecbp k\u1ef7 ni\u1ec7m quan tr\u1ecdng. V\u1edbi ch\u1ea5t li\u1ec7u da cao c\u1ea5p v\u00e0 thi\u1ebft k\u1ebf ti\u1ec7n d\u1ee5ng, chi\u1ebfc v\u00ed n\u00e0y s\u1ebd l\u00e0 m\u00f3n qu\u00e0 tinh t\u1ebf v\u00e0 thi\u1ebft th\u1ef1c, gi\u00fap ng\u01b0\u1eddi nh\u1eadn lu\u00f4n c\u00f3 th\u1ec3 mang theo nh\u1eefng th\u1ee9 quan tr\u1ecdng m\u1ed9t c\u00e1ch g\u1ecdn g\u00e0ng v\u00e0 phong c\u00e1ch.<\/p>\n<p>V\u00ed da mini \u0111\u1ef1ng th\u1ebb l\u00e0 m\u00f3n ph\u1ee5 ki\u1ec7n ho\u00e0n h\u1ea3o cho nh\u1eefng ai y\u00eau th\u00edch s\u1ef1 ti\u1ec7n d\u1ee5ng v\u00e0 phong c\u00e1ch t\u1ed1i gi\u1ea3n. V\u1edbi ch\u1ea5t li\u1ec7u da b\u1ec1n b\u1ec9, thi\u1ebft k\u1ebf nh\u1ecf g\u1ecdn v\u00e0 t\u00ednh \u1ee9ng d\u1ee5ng cao, chi\u1ebfc v\u00ed n\u00e0y ch\u1eafc ch\u1eafn s\u1ebd l\u00e0 ng\u01b0\u1eddi b\u1ea1n \u0111\u1ed3ng h\u00e0nh l\u00fd t\u01b0\u1edfng trong cu\u1ed9c s\u1ed1ng h\u00e0ng ng\u00e0y.<\/p>\n","protected":false},"excerpt":{"rendered":"<p>V\u00ed da mini \u0111\u1ef1ng th\u1ebb l\u00e0 m\u00f3n ph\u1ee5 ki\u1ec7n nh\u1ecf g\u1ecdn nh\u01b0ng kh\u00f4ng k\u00e9m ph\u1ea7n tinh t\u1ebf, ph\u00f9 h\u1ee3p v\u1edbi nh\u1eefng ng\u01b0\u1eddi y\u00eau th\u00edch s\u1ef1 \u0111\u01a1n gi\u1ea3n nh\u01b0ng v\u1eabn c\u1ea7n s\u1ef1 ti\u1ec7n d\u1ee5ng.<\/p>\n","protected":false},"featured_media":2293,"comment_status":"open","ping_status":"closed","template":"","meta":[],"product_cat":[15,43],"product_tag":[37,44,29],"class_list":{"0":"post-2278","1":"product","2":"type-product","3":"status-publish","4":"has-post-thumbnail","6":"product_cat-bop-vi","7":"product_cat-nam","8":"product_tag-giay","9":"product_tag-nam","10":"product_tag-tui-xach","11":"yith_product_brand-big-c","14":"instock","15":"shipping-taxable","16":"purchasable","17":"product-type-simple"},"_links":{"self":[{"href":"https:\/\/8273.matbao.website\/index.php\/wp-json\/wp\/v2\/product\/2278"}],"collection":[{"href":"https:\/\/8273.matbao.website\/index.php\/wp-json\/wp\/v2\/product"}],"about":[{"href":"https:\/\/8273.matbao.website\/index.php\/wp-json\/wp\/v2\/types\/product"}],"replies":[{"embeddable":true,"href":"https:\/\/8273.matbao.website\/index.php\/wp-json\/wp\/v2\/comments?post=2278"}],"wp:featuredmedia":[{"embeddable":true,"href":"https:\/\/8273.matbao.website\/index.php\/wp-json\/wp\/v2\/media\/2293"}],"wp:attachment":[{"href":"https:\/\/8273.matbao.website\/index.php\/wp-json\/wp\/v2\/media?parent=2278"}],"wp:term":[{"taxonomy":"product_cat","embeddable":true,"href":"https:\/\/8273.matbao.website\/index.php\/wp-json\/wp\/v2\/product_cat?post=2278"},{"taxonomy":"product_tag","embeddable":true,"href":"https:\/\/8273.matbao.website\/index.php\/wp-json\/wp\/v2\/product_tag?post=2278"}],"curies":[{"name":"wp","href":"https:\/\/api.w.org\/{rel}","templated":true}]}}