{"id":2304,"date":"2017-09-29T15:58:58","date_gmt":"2017-09-29T15:58:58","guid":{"rendered":"https:\/\/elementor3.thembay.com\/puca\/?post_type=product&#038;p=2304"},"modified":"2024-12-07T16:33:13","modified_gmt":"2024-12-07T16:33:13","slug":"dong-ho-archibald-bac","status":"publish","type":"product","link":"https:\/\/8273.matbao.website\/index.php\/product\/dong-ho-archibald-bac\/","title":{"rendered":"\u0110\u1ed3ng h\u1ed3 Archibald B\u1ea1c"},"content":{"rendered":"<p>\u0110\u1ed3ng h\u1ed3 Archibald B\u1ea1c l\u00e0 s\u1ef1 l\u1ef1a ch\u1ecdn l\u00fd t\u01b0\u1edfng cho nh\u1eefng ai y\u00eau th\u00edch phong c\u00e1ch thanh l\u1ecbch v\u00e0 sang tr\u1ecdng. V\u1edbi thi\u1ebft k\u1ebf c\u1ed5 \u0111i\u1ec3n, gam m\u00e0u b\u1ea1c s\u00e1ng b\u00f3ng k\u1ebft h\u1ee3p v\u1edbi c\u00e1c chi ti\u1ebft s\u1eafc n\u00e9t, chi\u1ebfc \u0111\u1ed3ng h\u1ed3 n\u00e0y mang \u0111\u1ebfn v\u1ebb \u0111\u1eb9p v\u01b0\u1ee3t th\u1eddi gian, d\u1ec5 d\u00e0ng k\u1ebft h\u1ee3p v\u1edbi nhi\u1ec1u phong c\u00e1ch v\u00e0 d\u1ecbp s\u1eed d\u1ee5ng.<\/p>\n<h3><strong>Thi\u1ebft k\u1ebf tinh t\u1ebf, sang tr\u1ecdng<\/strong><\/h3>\n<ul>\n<li><strong>M\u1eb7t s\u1ed1 \u0111\u01a1n gi\u1ea3n nh\u01b0ng \u1ea5n t\u01b0\u1ee3ng:<\/strong> M\u1eb7t s\u1ed1 \u0111\u1ed3ng h\u1ed3 Archibald B\u1ea1c n\u1ed5i b\u1eadt v\u1edbi thi\u1ebft k\u1ebf t\u1ed1i gi\u1ea3n nh\u01b0ng v\u00f4 c\u00f9ng tinh t\u1ebf. M\u00e0u n\u1ec1n s\u00e1ng nh\u1eb9 nh\u00e0ng k\u1ebft h\u1ee3p v\u1edbi c\u00e1c ch\u1ec9 s\u1ed1 gi\u1edd v\u00e0 kim ch\u1ec9 m\u1ea3nh mai, r\u00f5 r\u00e0ng gi\u00fap ng\u01b0\u1eddi \u0111eo d\u1ec5 d\u00e0ng theo d\u00f5i th\u1eddi gian. Ki\u1ec3u d\u00e1ng \u0111\u01a1n gi\u1ea3n nh\u01b0ng s\u1eafc s\u1ea3o t\u1ea1o n\u00ean m\u1ed9t v\u1ebb \u0111\u1eb9p c\u1ed5 \u0111i\u1ec3n, ph\u00f9 h\u1ee3p v\u1edbi m\u1ecdi qu\u00fd \u00f4ng y\u00eau th\u00edch s\u1ef1 trang nh\u00e3.<\/li>\n<li><strong>V\u1ecf \u0111\u1ed3ng h\u1ed3 b\u1ea1c s\u00e1ng b\u00f3ng:<\/strong> V\u1ecf \u0111\u1ed3ng h\u1ed3 Archibald B\u1ea1c \u0111\u01b0\u1ee3c ch\u1ebf t\u00e1c t\u1eeb th\u00e9p kh\u00f4ng g\u1ec9 cao c\u1ea5p, mang \u0111\u1ebfn \u0111\u1ed9 b\u1ec1n v\u01b0\u1ee3t tr\u1ed9i. Gam m\u00e0u b\u1ea1c s\u00e1ng b\u00f3ng kh\u00f4ng ch\u1ec9 t\u0103ng th\u00eam v\u1ebb \u0111\u1eb9p thanh l\u1ecbch m\u00e0 c\u00f2n gi\u00fap \u0111\u1ed3ng h\u1ed3 gi\u1eef \u0111\u01b0\u1ee3c h\u00ecnh d\u00e1ng, \u0111\u1ed9 s\u00e1ng b\u00f3ng trong su\u1ed1t qu\u00e1 tr\u00ecnh s\u1eed d\u1ee5ng. C\u00e1c chi ti\u1ebft \u0111\u01b0\u1ee3c gia c\u00f4ng t\u1ec9 m\u1ec9, gi\u00fap chi\u1ebfc \u0111\u1ed3ng h\u1ed3 tr\u1edf n\u00ean s\u1eafc n\u00e9t v\u00e0 ho\u00e0n h\u1ea3o.<\/li>\n<\/ul>\n<h3><strong>D\u00e2y \u0111eo da cao c\u1ea5p<\/strong><\/h3>\n<ul>\n<li><strong>D\u00e2y da m\u1ec1m m\u1ea1i, tho\u1ea3i m\u00e1i:<\/strong> \u0110\u1ed3ng h\u1ed3 Archibald B\u1ea1c \u0111\u01b0\u1ee3c trang b\u1ecb d\u00e2y \u0111eo da th\u1eadt, mang l\u1ea1i s\u1ef1 m\u1ec1m m\u1ea1i v\u00e0 tho\u1ea3i m\u00e1i khi \u0111eo. D\u00e2y da c\u00f3 th\u1ec3 d\u1ec5 d\u00e0ng \u0111i\u1ec1u ch\u1ec9nh k\u00edch c\u1ee1, gi\u00fap b\u1ea1n c\u00f3 th\u1ec3 \u0111eo v\u1eeba v\u1eb7n, t\u1ea1o c\u1ea3m gi\u00e1c d\u1ec5 ch\u1ecbu trong su\u1ed1t c\u1ea3 ng\u00e0y d\u00e0i. M\u00e0u s\u1eafc d\u00e2y \u0111eo th\u01b0\u1eddng l\u00e0 c\u00e1c gam m\u00e0u trung t\u00ednh nh\u01b0 \u0111en ho\u1eb7c n\u00e2u, r\u1ea5t d\u1ec5 ph\u1ed1i h\u1ee3p v\u1edbi nhi\u1ec1u phong c\u00e1ch th\u1eddi trang kh\u00e1c nhau.<\/li>\n<li><strong>\u0110\u1ed9 b\u1ec1n v\u01b0\u1ee3t tr\u1ed9i:<\/strong> D\u00e2y da c\u1ee7a \u0111\u1ed3ng h\u1ed3 Archibald B\u1ea1c \u0111\u01b0\u1ee3c gia c\u00f4ng t\u1ec9 m\u1ec9, gi\u00fap \u0111\u1ea3m b\u1ea3o \u0111\u1ed9 b\u1ec1n cao v\u00e0 gi\u1eef \u0111\u01b0\u1ee3c \u0111\u1ed9 m\u1edbi l\u00e2u d\u00e0i. D\u00f9 b\u1ea1n s\u1eed d\u1ee5ng \u0111\u1ed3ng h\u1ed3 h\u00e0ng ng\u00e0y hay trong c\u00e1c s\u1ef1 ki\u1ec7n quan tr\u1ecdng, d\u00e2y \u0111eo lu\u00f4n gi\u1eef \u0111\u01b0\u1ee3c v\u1ebb \u0111\u1eb9p v\u00e0 s\u1ef1 tho\u1ea3i m\u00e1i.<\/li>\n<\/ul>\n<h3><strong>Ch\u1ea5t l\u01b0\u1ee3ng v\u00e0 \u0111\u1ed9 ch\u00ednh x\u00e1c cao<\/strong><\/h3>\n<ul>\n<li><strong>B\u1ed9 m\u00e1y quartz ch\u00ednh x\u00e1c:<\/strong> Archibald B\u1ea1c s\u1eed d\u1ee5ng b\u1ed9 m\u00e1y quartz, \u0111\u1ea3m b\u1ea3o \u0111\u1ed9 ch\u00ednh x\u00e1c cao trong vi\u1ec7c \u0111o th\u1eddi gian. \u0110\u1ed3ng h\u1ed3 lu\u00f4n gi\u1eef \u0111\u01b0\u1ee3c th\u1eddi gian \u1ed5n \u0111\u1ecbnh v\u00e0 ch\u00ednh x\u00e1c, gi\u00fap b\u1ea1n kh\u00f4ng bao gi\u1edd b\u1ecf l\u1ee1 b\u1ea5t k\u1ef3 kho\u1ea3nh kh\u1eafc quan tr\u1ecdng n\u00e0o.<\/li>\n<li><strong>Kh\u1ea3 n\u0103ng ch\u1ed1ng n\u01b0\u1edbc:<\/strong> \u0110\u1ed3ng h\u1ed3 c\u00f3 kh\u1ea3 n\u0103ng ch\u1ed1ng n\u01b0\u1edbc c\u01a1 b\u1ea3n, gi\u00fap b\u1ea1n s\u1eed d\u1ee5ng \u0111\u1ed3ng h\u1ed3 trong c\u00e1c ho\u1ea1t \u0111\u1ed9ng th\u01b0\u1eddng ng\u00e0y m\u00e0 kh\u00f4ng ph\u1ea3i lo l\u1eafng v\u1ec1 vi\u1ec7c b\u1ecb h\u01b0 h\u1ecfng khi g\u1eb7p n\u01b0\u1edbc.<\/li>\n<\/ul>\n<h3><strong>L\u1ef1a ch\u1ecdn ho\u00e0n h\u1ea3o cho m\u1ecdi qu\u00fd \u00f4ng<\/strong><\/h3>\n<p>\u0110\u1ed3ng h\u1ed3 Archibald B\u1ea1c l\u00e0 m\u00f3n ph\u1ee5 ki\u1ec7n tuy\u1ec7t v\u1eddi cho nh\u1eefng ai y\u00eau th\u00edch s\u1ef1 thanh l\u1ecbch, sang tr\u1ecdng v\u00e0 \u0111\u1eb3ng c\u1ea5p. V\u1edbi thi\u1ebft k\u1ebf c\u1ed5 \u0111i\u1ec3n, ch\u1ea5t li\u1ec7u cao c\u1ea5p v\u00e0 \u0111\u1ed9 ch\u00ednh x\u00e1c tuy\u1ec7t v\u1eddi, chi\u1ebfc \u0111\u1ed3ng h\u1ed3 n\u00e0y l\u00e0 l\u1ef1a ch\u1ecdn l\u00fd t\u01b0\u1edfng \u0111\u1ec3 t\u00f4n l\u00ean phong c\u00e1ch v\u00e0 c\u00e1 t\u00ednh ri\u00eang c\u1ee7a b\u1ea1n. D\u00f9 l\u00e0 tham gia c\u00e1c cu\u1ed9c h\u1ecdp quan tr\u1ecdng hay d\u1ef1 ti\u1ec7c, Archibald B\u1ea1c s\u1ebd l\u00e0 ng\u01b0\u1eddi b\u1ea1n \u0111\u1ed3ng h\u00e0nh l\u00fd t\u01b0\u1edfng gi\u00fap b\u1ea1n t\u1ecfa s\u00e1ng trong m\u1ecdi kho\u1ea3nh kh\u1eafc.<\/p>\n","protected":false},"excerpt":{"rendered":"<p>M\u1eb7t s\u1ed1 \u0111\u1ed3ng h\u1ed3 Archibald B\u1ea1c n\u1ed5i b\u1eadt v\u1edbi thi\u1ebft k\u1ebf t\u1ed1i gi\u1ea3n nh\u01b0ng v\u00f4 c\u00f9ng tinh t\u1ebf. M\u00e0u n\u1ec1n s\u00e1ng nh\u1eb9 nh\u00e0ng k\u1ebft h\u1ee3p v\u1edbi c\u00e1c ch\u1ec9 s\u1ed1 gi\u1edd v\u00e0 kim ch\u1ec9 m\u1ea3nh mai, r\u00f5 r\u00e0ng gi\u00fap ng\u01b0\u1eddi \u0111eo d\u1ec5 d\u00e0ng theo d\u00f5i th\u1eddi gian.<\/p>\n","protected":false},"featured_media":2323,"comment_status":"open","ping_status":"closed","template":"","meta":[],"product_cat":[39,43,34],"product_tag":[44,35,29],"class_list":{"0":"post-2304","1":"product","2":"type-product","3":"status-publish","4":"has-post-thumbnail","6":"product_cat-dong-ho","7":"product_cat-nam","8":"product_cat-quan-ao","9":"product_tag-nam","10":"product_tag-quan-ao","11":"product_tag-tui-xach","12":"yith_product_brand-lotte","15":"instock","16":"featured","17":"shipping-taxable","18":"purchasable","19":"product-type-simple"},"_links":{"self":[{"href":"https:\/\/8273.matbao.website\/index.php\/wp-json\/wp\/v2\/product\/2304"}],"collection":[{"href":"https:\/\/8273.matbao.website\/index.php\/wp-json\/wp\/v2\/product"}],"about":[{"href":"https:\/\/8273.matbao.website\/index.php\/wp-json\/wp\/v2\/types\/product"}],"replies":[{"embeddable":true,"href":"https:\/\/8273.matbao.website\/index.php\/wp-json\/wp\/v2\/comments?post=2304"}],"wp:featuredmedia":[{"embeddable":true,"href":"https:\/\/8273.matbao.website\/index.php\/wp-json\/wp\/v2\/media\/2323"}],"wp:attachment":[{"href":"https:\/\/8273.matbao.website\/index.php\/wp-json\/wp\/v2\/media?parent=2304"}],"wp:term":[{"taxonomy":"product_cat","embeddable":true,"href":"https:\/\/8273.matbao.website\/index.php\/wp-json\/wp\/v2\/product_cat?post=2304"},{"taxonomy":"product_tag","embeddable":true,"href":"https:\/\/8273.matbao.website\/index.php\/wp-json\/wp\/v2\/product_tag?post=2304"}],"curies":[{"name":"wp","href":"https:\/\/api.w.org\/{rel}","templated":true}]}}