{"id":2314,"date":"2017-09-29T15:59:08","date_gmt":"2017-09-29T15:59:08","guid":{"rendered":"https:\/\/elementor3.thembay.com\/puca\/?post_type=product&#038;p=2314"},"modified":"2024-12-07T16:40:39","modified_gmt":"2024-12-07T16:40:39","slug":"dong-ho-nam-thehorse","status":"publish","type":"product","link":"https:\/\/8273.matbao.website\/index.php\/product\/dong-ho-nam-thehorse\/","title":{"rendered":"\u0110\u1ed3ng h\u1ed3 Nam TheHorse"},"content":{"rendered":"<p>\u0110\u1ed3ng h\u1ed3 Nam TheHorse l\u00e0 m\u1ed9t l\u1ef1a ch\u1ecdn l\u00fd t\u01b0\u1edfng cho nh\u1eefng qu\u00fd \u00f4ng y\u00eau th\u00edch s\u1ef1 \u0111\u01a1n gi\u1ea3n nh\u01b0ng \u0111\u1ea7y tinh t\u1ebf, hi\u1ec7n \u0111\u1ea1i m\u00e0 v\u1eabn gi\u1eef \u0111\u01b0\u1ee3c n\u00e9t c\u1ed5 \u0111i\u1ec3n. V\u1edbi thi\u1ebft k\u1ebf tinh x\u1ea3o, ch\u1ea5t l\u01b0\u1ee3ng v\u01b0\u1ee3t tr\u1ed9i v\u00e0 phong c\u00e1ch th\u1eddi trang, \u0111\u1ed3ng h\u1ed3 TheHorse \u0111\u00e3 chinh ph\u1ee5c \u0111\u01b0\u1ee3c tr\u00e1i tim c\u1ee7a kh\u00f4ng ch\u1ec9 c\u00e1c t\u00edn \u0111\u1ed3 y\u00eau th\u00edch \u0111\u1ed3ng h\u1ed3 m\u00e0 c\u00f2n c\u1ea3 nh\u1eefng ng\u01b0\u1eddi \u0111am m\u00ea s\u1ef1 sang tr\u1ecdng v\u00e0 \u0111\u1eb3ng c\u1ea5p.<\/p>\n<h3><strong>Thi\u1ebft k\u1ebf t\u1ed1i gi\u1ea3n nh\u01b0ng \u0111\u1ea7y \u1ea5n t\u01b0\u1ee3ng<\/strong><\/h3>\n<ul>\n<li><strong>M\u1eb7t s\u1ed1 \u0111\u01a1n gi\u1ea3n nh\u01b0ng tinh t\u1ebf:<\/strong> \u0110\u1ed3ng h\u1ed3 TheHorse n\u1ed5i b\u1eadt v\u1edbi m\u1eb7t s\u1ed1 thi\u1ebft k\u1ebf t\u1ed1i gi\u1ea3n, kh\u00f4ng c\u1ea7u k\u1ef3 nh\u01b0ng r\u1ea5t s\u1eafc n\u00e9t. Nh\u1eefng chi ti\u1ebft nh\u01b0 c\u00e1c v\u1ea1ch chia gi\u1edd, kim ch\u1ec9 \u0111\u01b0\u1ee3c thi\u1ebft k\u1ebf m\u1ea3nh mai nh\u01b0ng r\u00f5 r\u00e0ng, gi\u00fap ng\u01b0\u1eddi s\u1eed d\u1ee5ng d\u1ec5 d\u00e0ng theo d\u00f5i th\u1eddi gian. M\u1eb7t s\u1ed1 th\u01b0\u1eddng \u0111\u01b0\u1ee3c ho\u00e0n thi\u1ec7n b\u1eb1ng k\u00ednh sapphire ho\u1eb7c k\u00ednh kho\u00e1ng cao c\u1ea5p, mang l\u1ea1i kh\u1ea3 n\u0103ng ch\u1ed1ng x\u01b0\u1edbc v\u00e0 \u0111\u1ed9 b\u1ec1n l\u00e2u d\u00e0i.<\/li>\n<li><strong>V\u1ecf \u0111\u1ed3ng h\u1ed3 cao c\u1ea5p:<\/strong> V\u1ecf \u0111\u1ed3ng h\u1ed3 TheHorse \u0111\u01b0\u1ee3c ch\u1ebf t\u00e1c t\u1eeb th\u00e9p kh\u00f4ng g\u1ec9 ho\u1eb7c h\u1ee3p kim cao c\u1ea5p, kh\u00f4ng ch\u1ec9 \u0111\u1ea3m b\u1ea3o \u0111\u1ed9 b\u1ec1n v\u01b0\u1ee3t tr\u1ed9i m\u00e0 c\u00f2n mang \u0111\u1ebfn v\u1ebb ngo\u00e0i sang tr\u1ecdng, thanh l\u1ecbch. Thi\u1ebft k\u1ebf v\u1ecf \u0111\u1ed3ng h\u1ed3 m\u1ecfng nh\u1eb9, tinh t\u1ebf gi\u00fap s\u1ea3n ph\u1ea9m c\u00f3 th\u1ec3 d\u1ec5 d\u00e0ng k\u1ebft h\u1ee3p v\u1edbi m\u1ecdi phong c\u00e1ch th\u1eddi trang, t\u1eeb c\u00f4ng s\u1edf \u0111\u1ebfn d\u1ea1o ph\u1ed1.<\/li>\n<li><strong>D\u00e2y \u0111eo \u0111a d\u1ea1ng:<\/strong> \u0110\u1ed3ng h\u1ed3 TheHorse cung c\u1ea5p nhi\u1ec1u l\u1ef1a ch\u1ecdn d\u00e2y \u0111eo, bao g\u1ed3m d\u00e2y da th\u1eadt m\u1ec1m m\u1ea1i ho\u1eb7c d\u00e2y th\u00e9p kh\u00f4ng g\u1ec9, t\u1ea1o s\u1ef1 tho\u1ea3i m\u00e1i v\u00e0 d\u1ec5 ch\u1ecbu cho ng\u01b0\u1eddi s\u1eed d\u1ee5ng trong su\u1ed1t c\u1ea3 ng\u00e0y d\u00e0i. D\u00e2y \u0111eo da mang l\u1ea1i v\u1ebb c\u1ed5 \u0111i\u1ec3n, ph\u00f9 h\u1ee3p v\u1edbi c\u00e1c d\u1ecbp trang tr\u1ecdng, trong khi d\u00e2y th\u00e9p kh\u00f4ng g\u1ec9 t\u1ea1o s\u1ef1 m\u1ea1nh m\u1ebd v\u00e0 n\u0103ng \u0111\u1ed9ng h\u01a1n.<\/li>\n<\/ul>\n<h3><strong>Ch\u1ea5t l\u01b0\u1ee3ng v\u00e0 \u0111\u1ed9 ch\u00ednh x\u00e1c cao<\/strong><\/h3>\n<ul>\n<li><strong>B\u1ed9 m\u00e1y ch\u00ednh x\u00e1c:<\/strong> \u0110\u1ed3ng h\u1ed3 Nam TheHorse s\u1eed d\u1ee5ng b\u1ed9 m\u00e1y quartz ch\u00ednh x\u00e1c, gi\u00fap th\u1eddi gian lu\u00f4n \u0111\u01b0\u1ee3c \u0111\u1ea3m b\u1ea3o ch\u00ednh x\u00e1c t\u1eebng gi\u00e2y. V\u1edbi b\u1ed9 m\u00e1y n\u00e0y, b\u1ea1n c\u00f3 th\u1ec3 y\u00ean t\u00e2m v\u1ec1 \u0111\u1ed9 \u1ed5n \u0111\u1ecbnh v\u00e0 \u0111\u1ed9 b\u1ec1n c\u1ee7a \u0111\u1ed3ng h\u1ed3 trong su\u1ed1t th\u1eddi gian s\u1eed d\u1ee5ng.<\/li>\n<li><strong>Kh\u1ea3 n\u0103ng ch\u1ed1ng n\u01b0\u1edbc:<\/strong> C\u00e1c m\u1eabu \u0111\u1ed3ng h\u1ed3 TheHorse th\u01b0\u1eddng c\u00f3 kh\u1ea3 n\u0103ng ch\u1ed1ng n\u01b0\u1edbc \u1edf m\u1ee9c \u0111\u1ed9 c\u01a1 b\u1ea3n, gi\u00fap b\u1ea1n y\u00ean t\u00e2m trong nh\u1eefng ho\u1ea1t \u0111\u1ed9ng h\u00e0ng ng\u00e0y nh\u01b0 r\u1eeda tay hay \u0111i m\u01b0a nh\u1eb9.<\/li>\n<\/ul>\n<h3><strong>Phong c\u00e1ch ph\u00f9 h\u1ee3p v\u1edbi m\u1ecdi d\u1ecbp<\/strong><\/h3>\n<p>\u0110\u1ed3ng h\u1ed3 Nam TheHorse l\u00e0 l\u1ef1a ch\u1ecdn l\u00fd t\u01b0\u1edfng cho c\u00e1c qu\u00fd \u00f4ng y\u00eau th\u00edch s\u1ef1 \u0111\u01a1n gi\u1ea3n nh\u01b0ng thanh l\u1ecbch. D\u00f9 b\u1ea1n \u0111i l\u00e0m, tham d\u1ef1 c\u00e1c bu\u1ed5i g\u1eb7p g\u1ee1 b\u1ea1n b\u00e8 hay \u0111i d\u1ef1 ti\u1ec7c, chi\u1ebfc \u0111\u1ed3ng h\u1ed3 n\u00e0y s\u1ebd lu\u00f4n l\u00e0 \u0111i\u1ec3m nh\u1ea5n ho\u00e0n h\u1ea3o, t\u00f4n l\u00ean v\u1ebb l\u1ecbch l\u00e3m v\u00e0 phong c\u00e1ch ri\u00eang bi\u1ec7t c\u1ee7a b\u1ea1n.<\/p>\n<p>V\u1edbi s\u1ef1 k\u1ebft h\u1ee3p tuy\u1ec7t v\u1eddi gi\u1eefa thi\u1ebft k\u1ebf hi\u1ec7n \u0111\u1ea1i v\u00e0 ch\u1ea5t l\u01b0\u1ee3ng v\u01b0\u1ee3t tr\u1ed9i, \u0111\u1ed3ng h\u1ed3 TheHorse x\u1ee9ng \u0111\u00e1ng l\u00e0 ng\u01b0\u1eddi b\u1ea1n \u0111\u1ed3ng h\u00e0nh trong m\u1ed7i kho\u1ea3nh kh\u1eafc quan tr\u1ecdng c\u1ee7a cu\u1ed9c s\u1ed1ng.<\/p>\n","protected":false},"excerpt":{"rendered":"<p>\u0110\u1ed3ng h\u1ed3 Nam TheHorse l\u00e0 m\u1ed9t l\u1ef1a ch\u1ecdn l\u00fd t\u01b0\u1edfng cho nh\u1eefng qu\u00fd \u00f4ng y\u00eau th\u00edch s\u1ef1 \u0111\u01a1n gi\u1ea3n nh\u01b0ng \u0111\u1ea7y tinh t\u1ebf, hi\u1ec7n \u0111\u1ea1i m\u00e0 v\u1eabn gi\u1eef \u0111\u01b0\u1ee3c n\u00e9t c\u1ed5 \u0111i\u1ec3n.<\/p>\n","protected":false},"featured_media":2337,"comment_status":"open","ping_status":"closed","template":"","meta":[],"product_cat":[39,43,34],"product_tag":[44,35,29],"class_list":{"0":"post-2314","1":"product","2":"type-product","3":"status-publish","4":"has-post-thumbnail","6":"product_cat-dong-ho","7":"product_cat-nam","8":"product_cat-quan-ao","9":"product_tag-nam","10":"product_tag-quan-ao","11":"product_tag-tui-xach","12":"yith_product_brand-cow","15":"instock","16":"shipping-taxable","17":"purchasable","18":"product-type-simple"},"_links":{"self":[{"href":"https:\/\/8273.matbao.website\/index.php\/wp-json\/wp\/v2\/product\/2314"}],"collection":[{"href":"https:\/\/8273.matbao.website\/index.php\/wp-json\/wp\/v2\/product"}],"about":[{"href":"https:\/\/8273.matbao.website\/index.php\/wp-json\/wp\/v2\/types\/product"}],"replies":[{"embeddable":true,"href":"https:\/\/8273.matbao.website\/index.php\/wp-json\/wp\/v2\/comments?post=2314"}],"wp:featuredmedia":[{"embeddable":true,"href":"https:\/\/8273.matbao.website\/index.php\/wp-json\/wp\/v2\/media\/2337"}],"wp:attachment":[{"href":"https:\/\/8273.matbao.website\/index.php\/wp-json\/wp\/v2\/media?parent=2314"}],"wp:term":[{"taxonomy":"product_cat","embeddable":true,"href":"https:\/\/8273.matbao.website\/index.php\/wp-json\/wp\/v2\/product_cat?post=2314"},{"taxonomy":"product_tag","embeddable":true,"href":"https:\/\/8273.matbao.website\/index.php\/wp-json\/wp\/v2\/product_tag?post=2314"}],"curies":[{"name":"wp","href":"https:\/\/api.w.org\/{rel}","templated":true}]}}