{"id":2315,"date":"2017-09-29T15:59:11","date_gmt":"2017-09-29T15:59:11","guid":{"rendered":"https:\/\/elementor3.thembay.com\/puca\/?post_type=product&#038;p=2315"},"modified":"2024-12-07T16:36:17","modified_gmt":"2024-12-07T16:36:17","slug":"dong-ho-nam-tissot","status":"publish","type":"product","link":"https:\/\/8273.matbao.website\/index.php\/product\/dong-ho-nam-tissot\/","title":{"rendered":"\u0110\u1ed3ng h\u1ed3 nam Tissot"},"content":{"rendered":"<p>V\u1edbi h\u01a1n 160 n\u0103m kinh nghi\u1ec7m trong ng\u00e0nh ch\u1ebf t\u00e1c \u0111\u1ed3ng h\u1ed3, Tissot \u0111\u00e3 kh\u1eb3ng \u0111\u1ecbnh \u0111\u01b0\u1ee3c v\u1ecb th\u1ebf v\u1eefng ch\u1eafc trong th\u1ebf gi\u1edbi \u0111\u1ed3ng h\u1ed3 cao c\u1ea5p, mang \u0111\u1ebfn nh\u1eefng s\u1ea3n ph\u1ea9m kh\u00f4ng ch\u1ec9 b\u1ec1n b\u1ec9 m\u00e0 c\u00f2n \u0111\u1ea7y phong c\u00e1ch.<\/p>\n<h3><strong>Thi\u1ebft k\u1ebf sang tr\u1ecdng, tinh t\u1ebf<\/strong><\/h3>\n<ul>\n<li><strong>M\u1eb7t s\u1ed1 n\u1ed5i b\u1eadt:<\/strong> \u0110\u1ed3ng h\u1ed3 Tissot g\u00e2y \u1ea5n t\u01b0\u1ee3ng m\u1ea1nh v\u1edbi m\u1eb7t s\u1ed1 \u0111\u01b0\u1ee3c ch\u1ebf t\u00e1c t\u1eeb ch\u1ea5t li\u1ec7u cao c\u1ea5p nh\u01b0 k\u00ednh sapphire ch\u1ed1ng x\u01b0\u1edbc, gi\u00fap duy tr\u00ec v\u1ebb \u0111\u1eb9p l\u00e2u d\u00e0i. C\u00e1c ch\u1ec9 s\u1ed1 gi\u1edd v\u00e0 kim ch\u1ec9 \u0111\u01b0\u1ee3c thi\u1ebft k\u1ebf s\u1eafc n\u00e9t, d\u1ec5 d\u00e0ng \u0111\u1ecdc gi\u1edd, mang l\u1ea1i s\u1ef1 h\u00e0i h\u00f2a v\u00e0 thanh tho\u00e1t cho t\u1ed5ng th\u1ec3 chi\u1ebfc \u0111\u1ed3ng h\u1ed3.<\/li>\n<li><strong>V\u1ecf \u0111\u1ed3ng h\u1ed3 ch\u1eafc ch\u1eafn:<\/strong> Tissot s\u1eed d\u1ee5ng ch\u1ea5t li\u1ec7u th\u00e9p kh\u00f4ng g\u1ec9 ho\u1eb7c v\u00e0ng h\u1ed3ng \u0111\u1ec3 ch\u1ebf t\u00e1c v\u1ecf \u0111\u1ed3ng h\u1ed3, gi\u00fap s\u1ea3n ph\u1ea9m c\u00f3 \u0111\u1ed9 b\u1ec1n v\u01b0\u1ee3t tr\u1ed9i v\u00e0 duy tr\u00ec \u0111\u01b0\u1ee3c v\u1ebb ngo\u00e0i sang tr\u1ecdng theo th\u1eddi gian. C\u00e1c chi ti\u1ebft nh\u01b0 n\u00fam v\u1eb7n, vi\u1ec1n \u0111\u1ed3ng h\u1ed3 \u0111\u1ec1u \u0111\u01b0\u1ee3c gia c\u00f4ng t\u1ec9 m\u1ec9, n\u00e2ng cao ch\u1ea5t l\u01b0\u1ee3ng s\u1ea3n ph\u1ea9m.<\/li>\n<li><strong>D\u00e2y \u0111eo \u0111a d\u1ea1ng:<\/strong> D\u00e2y \u0111eo \u0111\u1ed3ng h\u1ed3 Tissot c\u00f3 nhi\u1ec1u l\u1ef1a ch\u1ecdn, t\u1eeb d\u00e2y da cao c\u1ea5p mang \u0111\u1ebfn v\u1ebb c\u1ed5 \u0111i\u1ec3n, \u0111\u1ebfn d\u00e2y th\u00e9p kh\u00f4ng g\u1ec9 cho phong c\u00e1ch hi\u1ec7n \u0111\u1ea1i, n\u0103ng \u0111\u1ed9ng. D\u00e2y \u0111eo \u0111\u01b0\u1ee3c thi\u1ebft k\u1ebf v\u1eeba v\u1eb7n, mang l\u1ea1i c\u1ea3m gi\u00e1c tho\u1ea3i m\u00e1i cho ng\u01b0\u1eddi s\u1eed d\u1ee5ng su\u1ed1t c\u1ea3 ng\u00e0y d\u00e0i.<\/li>\n<\/ul>\n<h3><strong>B\u1ed9 m\u00e1y ch\u00ednh x\u00e1c v\u00e0 ti\u00ean ti\u1ebfn<\/strong><\/h3>\n<ul>\n<li><strong>Ch\u1ebf t\u00e1c ch\u00ednh x\u00e1c:<\/strong> Tissot lu\u00f4n \u01b0u ti\u00ean \u0111\u1ed9 ch\u00ednh x\u00e1c tuy\u1ec7t \u0111\u1ed1i v\u1edbi c\u00e1c b\u1ed9 m\u00e1y c\u01a1 kh\u00ed t\u1ef1 \u0111\u1ed9ng v\u00e0 quartz hi\u1ec7n \u0111\u1ea1i. Nh\u1eefng chi\u1ebfc \u0111\u1ed3ng h\u1ed3 n\u00e0y \u0111\u1ec1u \u0111\u01b0\u1ee3c ki\u1ec3m \u0111\u1ecbnh ch\u1ea5t l\u01b0\u1ee3ng kh\u1eaft khe, \u0111\u1ea3m b\u1ea3o ng\u01b0\u1eddi s\u1eed d\u1ee5ng c\u00f3 th\u1ec3 y\u00ean t\u00e2m v\u1ec1 t\u00ednh ch\u00ednh x\u00e1c trong t\u1eebng ph\u00fat gi\u00e2y.<\/li>\n<li><strong>Kh\u1ea3 n\u0103ng ch\u1ed1ng n\u01b0\u1edbc:<\/strong> C\u00e1c m\u1eabu \u0111\u1ed3ng h\u1ed3 Tissot th\u01b0\u1eddng \u0111\u01b0\u1ee3c trang b\u1ecb kh\u1ea3 n\u0103ng ch\u1ed1ng n\u01b0\u1edbc, t\u1eeb 30m \u0111\u1ebfn 100m, gi\u00fap b\u1ea1n an t\u00e2m trong nh\u1eefng ho\u1ea1t \u0111\u1ed9ng th\u01b0\u1eddng ng\u00e0y, th\u1eadm ch\u00ed l\u00e0 trong b\u01a1i l\u1ed9i.<\/li>\n<\/ul>\n<h3><strong>S\u1ef1 k\u1ebft h\u1ee3p ho\u00e0n h\u1ea3o gi\u1eefa truy\u1ec1n th\u1ed1ng v\u00e0 hi\u1ec7n \u0111\u1ea1i<\/strong><\/h3>\n<p>Tissot kh\u00f4ng ng\u1eebng \u0111\u1ed5i m\u1edbi v\u00e0 s\u00e1ng t\u1ea1o trong vi\u1ec7c k\u1ebft h\u1ee3p nh\u1eefng k\u1ef9 thu\u1eadt ch\u1ebf t\u00e1c truy\u1ec1n th\u1ed1ng v\u1edbi c\u00f4ng ngh\u1ec7 hi\u1ec7n \u0111\u1ea1i. M\u1ed7i chi\u1ebfc \u0111\u1ed3ng h\u1ed3 Tissot \u0111\u1ec1u mang trong m\u00ecnh s\u1ef1 ho\u00e0n h\u1ea3o c\u1ee7a nh\u1eefng g\u00ec tinh t\u00fay nh\u1ea5t t\u1eeb th\u01b0\u01a1ng hi\u1ec7u n\u00e0y.<\/p>\n<h3><strong>Ph\u00f9 h\u1ee3p v\u1edbi m\u1ecdi qu\u00fd \u00f4ng<\/strong><\/h3>\n<p>\u0110\u1ed3ng h\u1ed3 nam Tissot l\u00e0 l\u1ef1a ch\u1ecdn l\u00fd t\u01b0\u1edfng cho c\u00e1c qu\u00fd \u00f4ng y\u00eau th\u00edch s\u1ef1 thanh l\u1ecbch, ch\u00ednh x\u00e1c v\u00e0 \u0111\u1eb3ng c\u1ea5p. D\u00f9 trong nh\u1eefng cu\u1ed9c h\u1ecdp quan tr\u1ecdng, b\u1eefa ti\u1ec7c sang tr\u1ecdng hay nh\u1eefng bu\u1ed5i h\u1eb9n h\u00f2, \u0111\u1ed3ng h\u1ed3 Tissot s\u1ebd gi\u00fap b\u1ea1n t\u1ecfa s\u00e1ng v\u00e0 kh\u1eb3ng \u0111\u1ecbnh phong c\u00e1ch.<\/p>\n<p>H\u00e3y s\u1edf h\u1eefu ngay m\u1ed9t chi\u1ebfc \u0111\u1ed3ng h\u1ed3 Tissot \u0111\u1ec3 kh\u00f4ng ch\u1ec9 qu\u1ea3n l\u00fd th\u1eddi gian m\u00e0 c\u00f2n l\u00e0m n\u1ed5i b\u1eadt v\u1ebb \u0111\u1eb9p c\u1ee7a ch\u00ednh b\u1ea1n!<\/p>\n","protected":false},"excerpt":{"rendered":"<p><span class=\"cate_name\">Ch\u00ednh h\u00e3ng t\u1eeb:\u00a0<strong>Tissot<\/strong><\/span>\u00a0&#8211;\u00a0<span class=\"text_ext\">Xu\u1ea5t x\u1ee9:\u00a0<strong>Th\u1ee5y S\u1ef9<\/strong><\/span><\/p>\n","protected":false},"featured_media":2339,"comment_status":"open","ping_status":"closed","template":"","meta":[],"product_cat":[39,43],"product_tag":[37,44,51],"class_list":{"0":"post-2315","1":"product","2":"type-product","3":"status-publish","4":"has-post-thumbnail","6":"product_cat-dong-ho","7":"product_cat-nam","8":"product_tag-giay","9":"product_tag-nam","10":"product_tag-nu","11":"yith_product_brand-big-c","14":"instock","15":"shipping-taxable","16":"purchasable","17":"product-type-simple"},"_links":{"self":[{"href":"https:\/\/8273.matbao.website\/index.php\/wp-json\/wp\/v2\/product\/2315"}],"collection":[{"href":"https:\/\/8273.matbao.website\/index.php\/wp-json\/wp\/v2\/product"}],"about":[{"href":"https:\/\/8273.matbao.website\/index.php\/wp-json\/wp\/v2\/types\/product"}],"replies":[{"embeddable":true,"href":"https:\/\/8273.matbao.website\/index.php\/wp-json\/wp\/v2\/comments?post=2315"}],"wp:featuredmedia":[{"embeddable":true,"href":"https:\/\/8273.matbao.website\/index.php\/wp-json\/wp\/v2\/media\/2339"}],"wp:attachment":[{"href":"https:\/\/8273.matbao.website\/index.php\/wp-json\/wp\/v2\/media?parent=2315"}],"wp:term":[{"taxonomy":"product_cat","embeddable":true,"href":"https:\/\/8273.matbao.website\/index.php\/wp-json\/wp\/v2\/product_cat?post=2315"},{"taxonomy":"product_tag","embeddable":true,"href":"https:\/\/8273.matbao.website\/index.php\/wp-json\/wp\/v2\/product_tag?post=2315"}],"curies":[{"name":"wp","href":"https:\/\/api.w.org\/{rel}","templated":true}]}}