{"id":2357,"date":"2017-09-29T16:30:15","date_gmt":"2017-09-29T16:30:15","guid":{"rendered":"https:\/\/elementor3.thembay.com\/puca\/?post_type=product&#038;p=2357"},"modified":"2024-12-07T16:39:23","modified_gmt":"2024-12-07T16:39:23","slug":"giay-chay-bo-nu","status":"publish","type":"product","link":"https:\/\/8273.matbao.website\/index.php\/product\/giay-chay-bo-nu\/","title":{"rendered":"Gi\u00e0y ch\u1ea1y b\u1ed9 n\u1eef"},"content":{"rendered":"<div class=\"flex max-w-full flex-col flex-grow\">\n<div class=\"min-h-8 text-message flex w-full flex-col items-end gap-2 whitespace-normal break-words text-start [.text-message+&amp;]:mt-5\" dir=\"auto\" data-message-author-role=\"assistant\" data-message-id=\"f53bde12-8c07-4734-b5ae-c367f409324c\" data-message-model-slug=\"gpt-4o\">\n<div class=\"flex w-full flex-col gap-1 empty:hidden first:pt-[3px]\">\n<div class=\"markdown prose w-full break-words dark:prose-invert light\">\n<p>Gi\u00e0y ch\u1ea1y b\u1ed9 n\u1eef l\u00e0 s\u1ea3n ph\u1ea9m kh\u00f4ng th\u1ec3 thi\u1ebfu cho nh\u1eefng ai y\u00eau th\u00edch v\u1eadn \u0111\u1ed9ng v\u00e0 r\u00e8n luy\u1ec7n s\u1ee9c kh\u1ecfe. V\u1edbi thi\u1ebft k\u1ebf hi\u1ec7n \u0111\u1ea1i, tr\u1ecdng l\u01b0\u1ee3ng nh\u1eb9 v\u00e0 c\u00e1c t\u00ednh n\u0103ng t\u1ed1i \u01b0u, \u0111\u00f4i gi\u00e0y n\u00e0y mang \u0111\u1ebfn s\u1ef1 tho\u1ea3i m\u00e1i v\u00e0 h\u1ed7 tr\u1ee3 tuy\u1ec7t v\u1eddi trong m\u1ecdi b\u01b0\u1edbc ch\u1ea1y, t\u1eeb nh\u1eefng bu\u1ed5i ch\u1ea1y ng\u1eafn \u0111\u1ebfn c\u00e1c cu\u1ed9c thi marathon.<\/p>\n<h3><strong>Thi\u1ebft k\u1ebf n\u0103ng \u0111\u1ed9ng v\u00e0 th\u1eddi trang<\/strong><\/h3>\n<p>Gi\u00e0y ch\u1ea1y b\u1ed9 n\u1eef \u0111\u01b0\u1ee3c thi\u1ebft k\u1ebf \u0111\u1ec3 \u0111\u00e1p \u1ee9ng c\u1ea3 v\u1ec1 hi\u1ec7u su\u1ea5t v\u00e0 phong c\u00e1ch:<\/p>\n<ul>\n<li><strong>Ph\u1ea7n tr\u00ean (Upper):<\/strong> \u0110\u01b0\u1ee3c l\u00e0m t\u1eeb ch\u1ea5t li\u1ec7u l\u01b0\u1edbi (mesh) si\u00eau nh\u1eb9 v\u00e0 tho\u00e1ng kh\u00ed, gi\u00fap gi\u1ea3m tr\u1ecdng l\u01b0\u1ee3ng t\u1ed5ng th\u1ec3 v\u00e0 gi\u1eef cho \u0111\u00f4i ch\u00e2n lu\u00f4n kh\u00f4 r\u00e1o. C\u00e1c l\u1edbp gia c\u1ed1 \u1edf m\u0169i v\u00e0 hai b\u00ean gi\u00e0y t\u0103ng \u0111\u1ed9 b\u1ec1n m\u00e0 kh\u00f4ng l\u00e0m m\u1ea5t \u0111i v\u1ebb m\u1ec1m m\u1ea1i, n\u1eef t\u00ednh.<\/li>\n<li><strong>Ki\u1ec3u d\u00e1ng \u00f4m ch\u00e2n:<\/strong> \u0110\u00f4i gi\u00e0y c\u00f3 thi\u1ebft k\u1ebf v\u1eeba v\u1eb7n, t\u1ea1o c\u1ea3m gi\u00e1c ch\u1eafc ch\u1eafn nh\u01b0ng v\u1eabn d\u1ec5 ch\u1ecbu khi mang trong th\u1eddi gian d\u00e0i.<\/li>\n<li><strong>M\u00e0u s\u1eafc tr\u1ebb trung:<\/strong> T\u1eeb c\u00e1c gam m\u00e0u trung t\u00ednh nh\u01b0 x\u00e1m, \u0111en, tr\u1eafng \u0111\u1ebfn c\u00e1c s\u1eafc th\u00e1i t\u01b0\u01a1i s\u00e1ng nh\u01b0 h\u1ed3ng, xanh ng\u1ecdc ho\u1eb7c t\u00edm, gi\u00e0y ch\u1ea1y b\u1ed9 n\u1eef ph\u00f9 h\u1ee3p v\u1edbi m\u1ecdi phong c\u00e1ch c\u00e1 nh\u00e2n.<\/li>\n<\/ul>\n<h3><strong>Hi\u1ec7u su\u1ea5t v\u01b0\u1ee3t tr\u1ed9i cho t\u1eebng b\u01b0\u1edbc ch\u1ea1y<\/strong><\/h3>\n<ul>\n<li><strong>L\u1edbp \u0111\u1ec7m gi\u1eefa (Midsole):<\/strong> S\u1eed d\u1ee5ng c\u00f4ng ngh\u1ec7 \u0111\u1ec7m EVA ho\u1eb7c b\u1ecdt kh\u00ed (foam cushioning), gi\u00fap h\u1ea5p th\u1ee5 l\u1ef1c v\u00e0 gi\u1ea3m ch\u1ea5n t\u1ed1t, b\u1ea3o v\u1ec7 kh\u1edbp ch\u00e2n kh\u1ecfi c\u00e1c t\u00e1c \u0111\u1ed9ng m\u1ea1nh khi ti\u1ebfp \u0111\u1ea5t.<\/li>\n<li><strong>\u0110\u1ebf ngo\u00e0i (Outsole):<\/strong> L\u00e0m t\u1eeb cao su cao c\u1ea5p v\u1edbi c\u00e1c r\u00e3nh ch\u1ed1ng tr\u01b0\u1ee3t, mang l\u1ea1i \u0111\u1ed9 b\u00e1m t\u1ed1i \u0111a tr\u00ean nhi\u1ec1u lo\u1ea1i b\u1ec1 m\u1eb7t, t\u1eeb \u0111\u01b0\u1eddng nh\u1ef1a \u0111\u1ebfn c\u00e1c \u0111\u1ecba h\u00ecnh kh\u00f3 kh\u0103n h\u01a1n.<\/li>\n<li><strong>H\u1ed7 tr\u1ee3 chuy\u1ec3n \u0111\u1ed9ng:<\/strong> Thi\u1ebft k\u1ebf gi\u00e0y linh ho\u1ea1t, h\u1ed7 tr\u1ee3 c\u00e1c chuy\u1ec3n \u0111\u1ed9ng t\u1ef1 nhi\u00ean c\u1ee7a b\u00e0n ch\u00e2n, gi\u00fap c\u1ea3i thi\u1ec7n hi\u1ec7u qu\u1ea3 ch\u1ea1y v\u00e0 gi\u1ea3m nguy c\u01a1 ch\u1ea5n th\u01b0\u01a1ng.<\/li>\n<\/ul>\n<h3><strong>Tho\u1ea3i m\u00e1i t\u1ed1i \u0111a su\u1ed1t c\u1ea3 ng\u00e0y<\/strong><\/h3>\n<ul>\n<li><strong>L\u00f3t gi\u00e0y \u00eam \u00e1i:<\/strong> \u0110\u01b0\u1ee3c trang b\u1ecb l\u1edbp l\u00f3t kh\u00e1ng khu\u1ea9n, ch\u1ed1ng m\u00f9i v\u00e0 th\u1ea5m h\u00fat m\u1ed3 h\u00f4i, gi\u1eef cho \u0111\u00f4i ch\u00e2n lu\u00f4n kh\u00f4 tho\u00e1ng v\u00e0 s\u1ea1ch s\u1ebd.<\/li>\n<li><strong>Tr\u1ecdng l\u01b0\u1ee3ng si\u00eau nh\u1eb9:<\/strong> Gi\u00e0y \u0111\u01b0\u1ee3c t\u1ed1i \u01b0u h\u00f3a tr\u1ecdng l\u01b0\u1ee3ng, gi\u00fap gi\u1ea3m \u00e1p l\u1ef1c l\u00ean \u0111\u00f4i ch\u00e2n khi ch\u1ea1y \u0111\u01b0\u1eddng d\u00e0i.<\/li>\n<li><strong>C\u1ed5 gi\u00e0y m\u1ec1m m\u1ea1i:<\/strong> \u0110\u01b0\u1ee3c \u0111\u1ec7m \u00eam quanh c\u1ed5 ch\u00e2n, mang l\u1ea1i c\u1ea3m gi\u00e1c tho\u1ea3i m\u00e1i v\u00e0 tr\u00e1nh g\u00e2y ma s\u00e1t.<\/li>\n<\/ul>\n<h3><strong>S\u1ef1 l\u1ef1a ch\u1ecdn l\u00fd t\u01b0\u1edfng cho c\u00e1c ho\u1ea1t \u0111\u1ed9ng th\u1ec3 thao<\/strong><\/h3>\n<p>Kh\u00f4ng ch\u1ec9 d\u00e0nh ri\u00eang cho ch\u1ea1y b\u1ed9, gi\u00e0y ch\u1ea1y b\u1ed9 n\u1eef c\u00f2n ph\u00f9 h\u1ee3p v\u1edbi c\u00e1c ho\u1ea1t \u0111\u1ed9ng kh\u00e1c nh\u01b0 \u0111i b\u1ed9, t\u1eadp gym ho\u1eb7c th\u1eadm ch\u00ed l\u00e0 ph\u1ed1i h\u1ee3p v\u1edbi trang ph\u1ee5c h\u00e0ng ng\u00e0y \u0111\u1ec3 t\u1ea1o n\u00ean phong c\u00e1ch n\u0103ng \u0111\u1ed9ng.<\/p>\n<p>H\u00e3y s\u1edf h\u1eefu ngay m\u1ed9t \u0111\u00f4i gi\u00e0y ch\u1ea1y b\u1ed9 n\u1eef \u0111\u1ec3 n\u00e2ng cao hi\u1ec7u su\u1ea5t t\u1eadp luy\u1ec7n, b\u1ea3o v\u1ec7 \u0111\u00f4i ch\u00e2n v\u00e0 t\u1ecfa s\u00e1ng v\u1edbi phong c\u00e1ch c\u00e1 t\u00ednh c\u1ee7a b\u1ea1n!<\/p>\n<\/div>\n<\/div>\n<\/div>\n<\/div>\n<div class=\"mb-2 flex gap-3 empty:hidden -ml-2\">\n<div class=\"items-center justify-start rounded-xl p-1 flex\">\n<div class=\"flex items-center\"><button class=\"rounded-lg text-token-text-secondary hover:bg-token-main-surface-secondary\" aria-label=\"Read aloud\" data-testid=\"voice-play-turn-action-button\"><\/button><button class=\"rounded-lg text-token-text-secondary hover:bg-token-main-surface-secondary\" aria-label=\"Sao ch\u00e9p\" data-testid=\"copy-turn-action-button\"><\/button><\/p>\n<div class=\"flex\"><\/div>\n<div class=\"flex items-center pb-0\"><span class=\"overflow-hidden text-clip whitespace-nowrap text-sm\">4o<\/span><\/div>\n<\/div>\n<\/div>\n<\/div>\n","protected":false},"excerpt":{"rendered":"<p>V\u1edbi thi\u1ebft k\u1ebf hi\u1ec7n \u0111\u1ea1i, tr\u1ecdng l\u01b0\u1ee3ng nh\u1eb9 v\u00e0 c\u00e1c t\u00ednh n\u0103ng t\u1ed1i \u01b0u, \u0111\u00f4i gi\u00e0y n\u00e0y mang \u0111\u1ebfn s\u1ef1 tho\u1ea3i m\u00e1i v\u00e0 h\u1ed7 tr\u1ee3 tuy\u1ec7t v\u1eddi trong m\u1ecdi b\u01b0\u1edbc ch\u1ea1y, t\u1eeb nh\u1eefng bu\u1ed5i ch\u1ea1y ng\u1eafn \u0111\u1ebfn c\u00e1c cu\u1ed9c thi marathon.<\/p>\n","protected":false},"featured_media":2378,"comment_status":"open","ping_status":"closed","template":"","meta":[],"product_cat":[48,50],"product_tag":[37,44,51],"class_list":{"0":"post-2357","1":"product","2":"type-product","3":"status-publish","4":"has-post-thumbnail","6":"product_cat-giay","7":"product_cat-nu","8":"product_tag-giay","9":"product_tag-nam","10":"product_tag-nu","11":"yith_product_brand-big-c","14":"instock","15":"shipping-taxable","16":"purchasable","17":"product-type-simple"},"_links":{"self":[{"href":"https:\/\/8273.matbao.website\/index.php\/wp-json\/wp\/v2\/product\/2357"}],"collection":[{"href":"https:\/\/8273.matbao.website\/index.php\/wp-json\/wp\/v2\/product"}],"about":[{"href":"https:\/\/8273.matbao.website\/index.php\/wp-json\/wp\/v2\/types\/product"}],"replies":[{"embeddable":true,"href":"https:\/\/8273.matbao.website\/index.php\/wp-json\/wp\/v2\/comments?post=2357"}],"wp:featuredmedia":[{"embeddable":true,"href":"https:\/\/8273.matbao.website\/index.php\/wp-json\/wp\/v2\/media\/2378"}],"wp:attachment":[{"href":"https:\/\/8273.matbao.website\/index.php\/wp-json\/wp\/v2\/media?parent=2357"}],"wp:term":[{"taxonomy":"product_cat","embeddable":true,"href":"https:\/\/8273.matbao.website\/index.php\/wp-json\/wp\/v2\/product_cat?post=2357"},{"taxonomy":"product_tag","embeddable":true,"href":"https:\/\/8273.matbao.website\/index.php\/wp-json\/wp\/v2\/product_tag?post=2357"}],"curies":[{"name":"wp","href":"https:\/\/api.w.org\/{rel}","templated":true}]}}