{"id":2367,"date":"2017-09-29T16:30:27","date_gmt":"2017-09-29T16:30:27","guid":{"rendered":"https:\/\/elementor3.thembay.com\/puca\/?post_type=product&#038;p=2367"},"modified":"2024-12-07T16:40:39","modified_gmt":"2024-12-07T16:40:39","slug":"giay-hiking-nam-do-bam-tot","status":"publish","type":"product","link":"https:\/\/8273.matbao.website\/index.php\/product\/giay-hiking-nam-do-bam-tot\/","title":{"rendered":"Gi\u00e0y hiking nam \u0111\u1ed9 b\u00e1m t\u1ed1t"},"content":{"rendered":"<p><b>M\u1eabu gi\u00e0y \u0111i b\u1ed9 ngo\u00e0i tr\u1eddi n\u00e0y \u0111\u01b0\u1ee3c thi\u1ebft k\u1ebf v\u1edbi \u0111\u1ebf m\u1edbi mang l\u1ea1i \u0111\u1ed9 b\u00e1m v\u00e0 n\u00e2ng \u0111\u1ee1 t\u1ed1t tr\u00ean m\u1ecdi lo\u1ea1i \u0111\u1ecba h\u00ecnh (kh\u00f4, \u01b0\u1edbt, tr\u01a1n tr\u01b0\u1ee3t).<\/b><\/p>\n<p><strong><span class=\"css-8pzhys\">L\u1ee3i \u00edch s\u1ea3n ph\u1ea9m<\/span><\/strong><\/p>\n<div class=\"css-1bryt4f\">\n<div class=\"css-1wu782p\" data-testid=\"benefit-row-Gi\u1ea3m ch\u1ea5n\">\n<ul>\n<li><span class=\"css-3av5za\">Gi\u1ea3m ch\u1ea5n<\/span><span class=\"css-1hg3aaj\">\u0110\u1ebf gi\u1eefa EVA gi\u00fap n\u00e2ng \u0111\u1ee1 b\u00e0n ch\u00e2n hi\u1ec7u qu\u1ea3, mang l\u1ea1i c\u1ea3m gi\u00e1c tho\u1ea3i m\u00e1i.<\/span><\/li>\n<\/ul>\n<\/div>\n<div class=\"css-1wu782p\" data-testid=\"benefit-row-\u0110\u00f4\u0323 ba\u0301m\">\n<ul>\n<li class=\"css-1kwy47o\"><span class=\"css-3av5za\">\u0110\u00f4\u0323 ba\u0301m<\/span><span class=\"css-1hg3aaj\">Th\u00e0nh ph\u1ea7n &amp; thi\u1ebft k\u1ebf \u0111\u1ebf gi\u00fap gi\u00e0y b\u00e1m ch\u1eafc tr\u00ean c\u00e1c con \u0111\u01b0\u1eddng m\u00f2n.<\/span><\/li>\n<\/ul>\n<\/div>\n<div class=\"css-1wu782p\" data-testid=\"benefit-row-Thoa\u0309i ma\u0301i v\u01b0\u0300a v\u0103\u0323n\">\n<ul>\n<li class=\"css-1kwy47o\"><span class=\"css-3av5za\">Thoa\u0309i ma\u0301i v\u01b0\u0300a v\u0103\u0323n<\/span><span class=\"css-1hg3aaj\">\u0110\u1ebf EVA 5\u2009mm | Kh\u00f4ng c\u00f3 \u0111\u01b0\u1eddng may tr\u00ean g\u00f3t gi\u00e0y.<\/span><\/li>\n<\/ul>\n<\/div>\n<div class=\"css-1wu782p\" data-testid=\"benefit-row-\u0110\u00f4\u0323 ma sa\u0301t\">\n<ul>\n<li class=\"css-1kwy47o\"><span class=\"css-3av5za\">\u0110\u00f4\u0323 ma sa\u0301t<\/span><span class=\"css-1hg3aaj\">Thi\u1ebft k\u1ebf \u0111\u1ebf gi\u00e0y v\u00e0 gai gi\u00e0y 4 mm gi\u00fap lo\u1ea1i b\u1ecf b\u00f9n \u0111\u1ea5t d\u1ec5 d\u00e0ng.<\/span><\/li>\n<\/ul>\n<\/div>\n<div class=\"css-1wu782p\" data-testid=\"benefit-row-Tro\u0323ng l\u01b0\u01a1\u0323ng nhe\u0323\">\n<ul>\n<li class=\"css-1kwy47o\"><span class=\"css-3av5za\">Tro\u0323ng l\u01b0\u01a1\u0323ng nhe\u0323<\/span><span class=\"css-1hg3aaj\">332 g m\u1ed7i chi\u1ebfc gi\u00e0y c\u1ee1 43 (c\u1ee1 9 UK).<\/span><\/li>\n<\/ul>\n<\/div>\n<\/div>\n","protected":false},"excerpt":{"rendered":"<p>Gi\u00e0y hiking nam \u0111\u1ed9 b\u00e1m t\u1ed1t th\u00e2n thi\u1ec7n v\u1edbi m\u00f4i tr\u01b0\u1eddng \u0111\u1ec3 \u0111\u1ed3ng h\u00e0nh c\u00f9ng b\u1ea1n trong nh\u1eefng chuy\u1ebfn hiking tr\u00ean v\u00f9ng \u0111\u1ea5t th\u1ea5p, r\u1eebng n\u00fai ho\u1eb7c b\u1edd bi\u1ec3n gi\u1eefa th\u1eddi ti\u1ebft kh\u00f4 r\u00e1o.<\/p>\n","protected":false},"featured_media":2392,"comment_status":"open","ping_status":"closed","template":"","meta":[],"product_cat":[48,28],"product_tag":[37,44,29],"class_list":{"0":"post-2367","1":"product","2":"type-product","3":"status-publish","4":"has-post-thumbnail","6":"product_cat-giay","7":"product_cat-phu-kien","8":"product_tag-giay","9":"product_tag-nam","10":"product_tag-tui-xach","11":"yith_product_brand-big-c","14":"instock","15":"shipping-taxable","16":"purchasable","17":"product-type-simple"},"_links":{"self":[{"href":"https:\/\/8273.matbao.website\/index.php\/wp-json\/wp\/v2\/product\/2367"}],"collection":[{"href":"https:\/\/8273.matbao.website\/index.php\/wp-json\/wp\/v2\/product"}],"about":[{"href":"https:\/\/8273.matbao.website\/index.php\/wp-json\/wp\/v2\/types\/product"}],"replies":[{"embeddable":true,"href":"https:\/\/8273.matbao.website\/index.php\/wp-json\/wp\/v2\/comments?post=2367"}],"wp:featuredmedia":[{"embeddable":true,"href":"https:\/\/8273.matbao.website\/index.php\/wp-json\/wp\/v2\/media\/2392"}],"wp:attachment":[{"href":"https:\/\/8273.matbao.website\/index.php\/wp-json\/wp\/v2\/media?parent=2367"}],"wp:term":[{"taxonomy":"product_cat","embeddable":true,"href":"https:\/\/8273.matbao.website\/index.php\/wp-json\/wp\/v2\/product_cat?post=2367"},{"taxonomy":"product_tag","embeddable":true,"href":"https:\/\/8273.matbao.website\/index.php\/wp-json\/wp\/v2\/product_tag?post=2367"}],"curies":[{"name":"wp","href":"https:\/\/api.w.org\/{rel}","templated":true}]}}